{"id":492,"date":"2015-06-20T16:44:07","date_gmt":"2015-06-20T15:44:07","guid":{"rendered":"https:\/\/www.asevegarches.fr\/blog\/?page_id=492"},"modified":"2015-11-13T15:50:40","modified_gmt":"2015-11-13T14:50:40","slug":"pedagogie","status":"publish","type":"page","link":"https:\/\/www.asevegarches.fr\/blog\/sensibilisation-a-lenvironnement-2\/pedagogie\/","title":{"rendered":"P\u00e9dagogie"},"content":{"rendered":"<p>L&rsquo;ASEVE reste fid\u00e8le \u00e0 son engagement de sensibilisation \u00e0 l&rsquo;environnement en organisant des\u00a0ateliers-animations pour les enfants\u00a0des \u00e9coles de Garches dans le Domaine de Saint-Cloud, \u00e0 la sente Debat et au Domaine des 4 Vents. Sa d\u00e9marche p\u00e9dagogique est men\u00e9e en \u00e9troite collaboration avec les professeurs des \u00e9coles et se compose de deux th\u00e8mes :<\/p>\n<p><strong><span style=\"color: #8ec81e;\">\u00c0\u00a0la d\u00e9couverte de l&rsquo;arbre et de son environnement<\/span><br \/>\n<\/strong><\/p>\n<p>Munis d&rsquo;un livret et d&rsquo;un sac de cueillette, les enfants partent observer les arbres selon des th\u00e9matiques \u00e9volutives au fil des saisons et adapt\u00e9es \u00e0 chaque niveau de classe\u00a0: vie de l&rsquo;arbre, bois, \u00e9corces et racines, photosynth\u00e8se, feuilles et fleurs.<\/p>\n<p><span style=\"color: #8ec81e;\"><b>La biodiversit\u00e9<\/b><\/span><\/p>\n<p>L\u2019\u00e9tang de Villeneuve dans le Domaine de Saint-Cloud pr\u00e9sente de nombreuses esp\u00e8ces de poissons et d&rsquo;oiseaux et une diversit\u00e9 importante de plantes aquatiques et d&rsquo;arbres. En petits groupes, les enfants partent \u00e0 la d\u00e9couverte de cette faune et de cette flore. Ce th\u00e8me de la biodiversit\u00e9 peut aussi \u00eatre trait\u00e9 sur les autres sites en partant \u00e0 la d\u00e9couverte des nombreuses esp\u00e8ces animales trouvant refuge dans les arbres et les bosquets.<\/p>\n<p>Afin de mieux sensibiliser les enfants et d&rsquo;\u00eatre fid\u00e8les au projet d&rsquo;\u00e9cole, les ateliers peuvent se\u00a0faire en plusieurs \u00e9tapes\u00a0:<\/p>\n<p><span style=\"color: #8ec81e;\"><strong>\u2022<\/strong><\/span> une pr\u00e9sentation en classe du futur atelier (cahier d&rsquo;exp\u00e9rience, mat\u00e9riel&#8230;)<\/p>\n<p><span style=\"color: #8ec81e;\"><strong>\u2022<\/strong><\/span> un atelier sur le site choisi<\/p>\n<p><span style=\"color: #8ec81e;\"><strong>\u2022<\/strong><\/span> un suivi\u00a0en fonction de la demande<\/p>\n<p>Ainsi, une classe de CE1 a fait un atelier, puis a particip\u00e9 \u00e0 un concours photo et a finalement plant\u00e9 un \u00e9rable champ\u00eatre au Domaine des 4 Vents.<\/p>\n<p><a title=\"Contacts\" href=\"https:\/\/www.asevegarches.fr\/blog\/contacts\/\">Contactez-nous<\/a> afin d&rsquo;inclure un atelier \u00ab\u00a0Arbre\u00a0\u00bb ou \u00ab\u00a0Biodiversit\u00e9\u00a0\u00bb dans un projet p\u00e9dagogique. Faites de vos \u00e9l\u00e8ves les \u00e9co-citoyens de demain\u00a0attentifs au d\u00e9veloppement durable !<\/p>\n","protected":false},"excerpt":{"rendered":"<p>L&rsquo;ASEVE reste fid\u00e8le \u00e0 son engagement de sensibilisation \u00e0 l&rsquo;environnement en organisant des\u00a0ateliers-animations pour les enfants\u00a0des \u00e9coles de Garches dans le Domaine de Saint-Cloud, \u00e0 la sente Debat et au Domaine des 4 Vents. Sa d\u00e9marche p\u00e9dagogique est men\u00e9e en<\/p>\n","protected":false},"author":1,"featured_media":0,"parent":420,"menu_order":0,"comment_status":"closed","ping_status":"closed","template":"","meta":{"footnotes":""},"class_list":["post-492","page","type-page","status-publish","hentry"],"yoast_head":"<!-- This site is optimized with the Yoast SEO plugin v27.5 - https:\/\/yoast.com\/product\/yoast-seo-wordpress\/ -->\n<title>P\u00e9dagogie - ASEVE GARCHES<\/title>\n<meta name=\"robots\" content=\"index, follow, max-snippet:-1, max-image-preview:large, max-video-preview:-1\" \/>\n<link rel=\"canonical\" href=\"https:\/\/www.asevegarches.fr\/blog\/sensibilisation-a-lenvironnement-2\/pedagogie\/\" \/>\n<meta property=\"og:locale\" content=\"fr_FR\" \/>\n<meta property=\"og:type\" content=\"article\" \/>\n<meta property=\"og:title\" content=\"P\u00e9dagogie - ASEVE GARCHES\" \/>\n<meta property=\"og:description\" content=\"L&rsquo;ASEVE reste fid\u00e8le \u00e0 son engagement de sensibilisation \u00e0 l&rsquo;environnement en organisant des\u00a0ateliers-animations pour les enfants\u00a0des \u00e9coles de Garches dans le Domaine de Saint-Cloud, \u00e0 la sente Debat et au Domaine des 4 Vents. Sa d\u00e9marche p\u00e9dagogique est men\u00e9e en\" \/>\n<meta property=\"og:url\" content=\"https:\/\/www.asevegarches.fr\/blog\/sensibilisation-a-lenvironnement-2\/pedagogie\/\" \/>\n<meta property=\"og:site_name\" content=\"ASEVE GARCHES\" \/>\n<meta property=\"article:modified_time\" content=\"2015-11-13T14:50:40+00:00\" \/>\n<meta name=\"twitter:card\" content=\"summary_large_image\" \/>\n<meta name=\"twitter:label1\" content=\"Dur\u00e9e de lecture estim\u00e9e\" \/>\n\t<meta name=\"twitter:data1\" content=\"1 minute\" \/>\n<script type=\"application\/ld+json\" class=\"yoast-schema-graph\">{\"@context\":\"https:\\\/\\\/schema.org\",\"@graph\":[{\"@type\":\"WebPage\",\"@id\":\"https:\\\/\\\/www.asevegarches.fr\\\/blog\\\/sensibilisation-a-lenvironnement-2\\\/pedagogie\\\/\",\"url\":\"https:\\\/\\\/www.asevegarches.fr\\\/blog\\\/sensibilisation-a-lenvironnement-2\\\/pedagogie\\\/\",\"name\":\"P\u00e9dagogie - ASEVE GARCHES\",\"isPartOf\":{\"@id\":\"https:\\\/\\\/www.asevegarches.fr\\\/blog\\\/#website\"},\"datePublished\":\"2015-06-20T15:44:07+00:00\",\"dateModified\":\"2015-11-13T14:50:40+00:00\",\"breadcrumb\":{\"@id\":\"https:\\\/\\\/www.asevegarches.fr\\\/blog\\\/sensibilisation-a-lenvironnement-2\\\/pedagogie\\\/#breadcrumb\"},\"inLanguage\":\"fr-FR\",\"potentialAction\":[{\"@type\":\"ReadAction\",\"target\":[\"https:\\\/\\\/www.asevegarches.fr\\\/blog\\\/sensibilisation-a-lenvironnement-2\\\/pedagogie\\\/\"]}]},{\"@type\":\"BreadcrumbList\",\"@id\":\"https:\\\/\\\/www.asevegarches.fr\\\/blog\\\/sensibilisation-a-lenvironnement-2\\\/pedagogie\\\/#breadcrumb\",\"itemListElement\":[{\"@type\":\"ListItem\",\"position\":1,\"name\":\"Accueil\",\"item\":\"https:\\\/\\\/www.asevegarches.fr\\\/blog\\\/\"},{\"@type\":\"ListItem\",\"position\":2,\"name\":\"Sensibilisation \u00e0 l&rsquo;environnement\",\"item\":\"https:\\\/\\\/www.asevegarches.fr\\\/blog\\\/sensibilisation-a-lenvironnement-2\\\/\"},{\"@type\":\"ListItem\",\"position\":3,\"name\":\"P\u00e9dagogie\"}]},{\"@type\":\"WebSite\",\"@id\":\"https:\\\/\\\/www.asevegarches.fr\\\/blog\\\/#website\",\"url\":\"https:\\\/\\\/www.asevegarches.fr\\\/blog\\\/\",\"name\":\"ASEVE GARCHES\",\"description\":\"\",\"publisher\":{\"@id\":\"https:\\\/\\\/www.asevegarches.fr\\\/blog\\\/#organization\"},\"potentialAction\":[{\"@type\":\"SearchAction\",\"target\":{\"@type\":\"EntryPoint\",\"urlTemplate\":\"https:\\\/\\\/www.asevegarches.fr\\\/blog\\\/?s={search_term_string}\"},\"query-input\":{\"@type\":\"PropertyValueSpecification\",\"valueRequired\":true,\"valueName\":\"search_term_string\"}}],\"inLanguage\":\"fr-FR\"},{\"@type\":\"Organization\",\"@id\":\"https:\\\/\\\/www.asevegarches.fr\\\/blog\\\/#organization\",\"name\":\"Association de Sauvegarde des Espaces Verts et de l'Environnement\",\"alternateName\":\"ASEVE\",\"url\":\"https:\\\/\\\/www.asevegarches.fr\\\/blog\\\/\",\"logo\":{\"@type\":\"ImageObject\",\"inLanguage\":\"fr-FR\",\"@id\":\"https:\\\/\\\/www.asevegarches.fr\\\/blog\\\/#\\\/schema\\\/logo\\\/image\\\/\",\"url\":\"https:\\\/\\\/i0.wp.com\\\/www.asevegarches.fr\\\/blog\\\/wp-content\\\/uploads\\\/2022\\\/10\\\/LOGO_logo-facebook.jpg?fit=1501%2C1501\",\"contentUrl\":\"https:\\\/\\\/i0.wp.com\\\/www.asevegarches.fr\\\/blog\\\/wp-content\\\/uploads\\\/2022\\\/10\\\/LOGO_logo-facebook.jpg?fit=1501%2C1501\",\"width\":1501,\"height\":1501,\"caption\":\"Association de Sauvegarde des Espaces Verts et de l'Environnement\"},\"image\":{\"@id\":\"https:\\\/\\\/www.asevegarches.fr\\\/blog\\\/#\\\/schema\\\/logo\\\/image\\\/\"}}]}<\/script>\n<!-- \/ Yoast SEO plugin. -->","yoast_head_json":{"title":"P\u00e9dagogie - ASEVE GARCHES","robots":{"index":"index","follow":"follow","max-snippet":"max-snippet:-1","max-image-preview":"max-image-preview:large","max-video-preview":"max-video-preview:-1"},"canonical":"https:\/\/www.asevegarches.fr\/blog\/sensibilisation-a-lenvironnement-2\/pedagogie\/","og_locale":"fr_FR","og_type":"article","og_title":"P\u00e9dagogie - ASEVE GARCHES","og_description":"L&rsquo;ASEVE reste fid\u00e8le \u00e0 son engagement de sensibilisation \u00e0 l&rsquo;environnement en organisant des\u00a0ateliers-animations pour les enfants\u00a0des \u00e9coles de Garches dans le Domaine de Saint-Cloud, \u00e0 la sente Debat et au Domaine des 4 Vents. Sa d\u00e9marche p\u00e9dagogique est men\u00e9e en","og_url":"https:\/\/www.asevegarches.fr\/blog\/sensibilisation-a-lenvironnement-2\/pedagogie\/","og_site_name":"ASEVE GARCHES","article_modified_time":"2015-11-13T14:50:40+00:00","twitter_card":"summary_large_image","twitter_misc":{"Dur\u00e9e de lecture estim\u00e9e":"1 minute"},"schema":{"@context":"https:\/\/schema.org","@graph":[{"@type":"WebPage","@id":"https:\/\/www.asevegarches.fr\/blog\/sensibilisation-a-lenvironnement-2\/pedagogie\/","url":"https:\/\/www.asevegarches.fr\/blog\/sensibilisation-a-lenvironnement-2\/pedagogie\/","name":"P\u00e9dagogie - ASEVE GARCHES","isPartOf":{"@id":"https:\/\/www.asevegarches.fr\/blog\/#website"},"datePublished":"2015-06-20T15:44:07+00:00","dateModified":"2015-11-13T14:50:40+00:00","breadcrumb":{"@id":"https:\/\/www.asevegarches.fr\/blog\/sensibilisation-a-lenvironnement-2\/pedagogie\/#breadcrumb"},"inLanguage":"fr-FR","potentialAction":[{"@type":"ReadAction","target":["https:\/\/www.asevegarches.fr\/blog\/sensibilisation-a-lenvironnement-2\/pedagogie\/"]}]},{"@type":"BreadcrumbList","@id":"https:\/\/www.asevegarches.fr\/blog\/sensibilisation-a-lenvironnement-2\/pedagogie\/#breadcrumb","itemListElement":[{"@type":"ListItem","position":1,"name":"Accueil","item":"https:\/\/www.asevegarches.fr\/blog\/"},{"@type":"ListItem","position":2,"name":"Sensibilisation \u00e0 l&rsquo;environnement","item":"https:\/\/www.asevegarches.fr\/blog\/sensibilisation-a-lenvironnement-2\/"},{"@type":"ListItem","position":3,"name":"P\u00e9dagogie"}]},{"@type":"WebSite","@id":"https:\/\/www.asevegarches.fr\/blog\/#website","url":"https:\/\/www.asevegarches.fr\/blog\/","name":"ASEVE GARCHES","description":"","publisher":{"@id":"https:\/\/www.asevegarches.fr\/blog\/#organization"},"potentialAction":[{"@type":"SearchAction","target":{"@type":"EntryPoint","urlTemplate":"https:\/\/www.asevegarches.fr\/blog\/?s={search_term_string}"},"query-input":{"@type":"PropertyValueSpecification","valueRequired":true,"valueName":"search_term_string"}}],"inLanguage":"fr-FR"},{"@type":"Organization","@id":"https:\/\/www.asevegarches.fr\/blog\/#organization","name":"Association de Sauvegarde des Espaces Verts et de l'Environnement","alternateName":"ASEVE","url":"https:\/\/www.asevegarches.fr\/blog\/","logo":{"@type":"ImageObject","inLanguage":"fr-FR","@id":"https:\/\/www.asevegarches.fr\/blog\/#\/schema\/logo\/image\/","url":"https:\/\/i0.wp.com\/www.asevegarches.fr\/blog\/wp-content\/uploads\/2022\/10\/LOGO_logo-facebook.jpg?fit=1501%2C1501","contentUrl":"https:\/\/i0.wp.com\/www.asevegarches.fr\/blog\/wp-content\/uploads\/2022\/10\/LOGO_logo-facebook.jpg?fit=1501%2C1501","width":1501,"height":1501,"caption":"Association de Sauvegarde des Espaces Verts et de l'Environnement"},"image":{"@id":"https:\/\/www.asevegarches.fr\/blog\/#\/schema\/logo\/image\/"}}]}},"jetpack_sharing_enabled":true,"jetpack_shortlink":"https:\/\/wp.me\/P6YGVC-7W","jetpack-related-posts":[{"id":1694,"url":"https:\/\/www.asevegarches.fr\/blog\/demarche-pedagogique\/","url_meta":{"origin":492,"position":0},"title":"D\u00e9marche p\u00e9dagogique","author":"aseve","date":"2 d\u00e9cembre 2015","format":false,"excerpt":"Ateliers scolaires Nos sites de d\u00e9couverte : - le Domaine de Saint-Cloud et l'\u00e9tang de Villeneuve, - le Domaine des 4 Vents \u00e0 Garches, - la sente Debat. Deux th\u00e8mes propos\u00e9s\u00a0: \u00ab\u00c0 la d\u00e9couverte de l'arbre et de son environnement\u00bb Munis d'un livret et d'un sac de cueillette, les enfants\u2026","rel":"","context":"Article similaire","block_context":{"text":"Article similaire","link":""},"img":{"alt_text":"atelierjuin2014-3","src":"https:\/\/i0.wp.com\/www.asevegarches.fr\/blog\/wp-content\/uploads\/2015\/12\/atelierjuin2014-3-300x169.jpg?resize=350%2C200&ssl=1","width":350,"height":200},"classes":[]},{"id":420,"url":"https:\/\/www.asevegarches.fr\/blog\/sensibilisation-a-lenvironnement-2\/","url_meta":{"origin":492,"position":1},"title":"Sensibilisation \u00e0 l&rsquo;environnement","author":"aseve","date":"13 mai 2015","format":false,"excerpt":"C\u2019est l\u2019une des missions essentielles de l\u2019ASEVE. Les moyens mis en \u0153uvre s\u2019adressent : aux enfants,\u00a0pour former les futurs \"\u00e9co-citoyens\", au grand public. POUR LES ENFANTS Notre d\u00e9marche p\u00e9dagogique Des sorties \"Nature\" adapt\u00e9es au projet d'\u00e9cole Des\u00a0ateliers-animations sont organis\u00e9s pour les enfants\u00a0des \u00e9coles de Garches dans le domaine de Saint-Cloud,\u2026","rel":"","context":"Article similaire","block_context":{"text":"Article similaire","link":""},"img":{"alt_text":"Atelier Scolaire","src":"https:\/\/i0.wp.com\/www.asevegarches.fr\/blog\/wp-content\/uploads\/2015\/06\/4.Animation.4VENTS-e1447758257758.jpg?resize=350%2C200&ssl=1","width":350,"height":200},"classes":[]},{"id":204,"url":"https:\/\/www.asevegarches.fr\/blog\/nos-actions\/","url_meta":{"origin":492,"position":2},"title":"Nos actions","author":"aseve","date":"10 mars 2015","format":false,"excerpt":"Fond\u00e9e en 1970, l\u2019ASEVE (Association pour la Sauvegarde des Espaces Verts et de l\u2019Environnement) s\u2019adresse \u00e0 des publics tr\u00e8s divers et concentre ses activit\u00e9s sur trois axes principaux : La protection du cadre de vie et de l'environnement La sensibilisation des jeunes et des adultes au d\u00e9veloppement durable et \u00e0\u2026","rel":"","context":"Article similaire","block_context":{"text":"Article similaire","link":""},"img":{"alt_text":"Villeneuve","src":"https:\/\/i0.wp.com\/www.asevegarches.fr\/blog\/wp-content\/uploads\/2015\/09\/Villeneuve-300x204.jpg?resize=350%2C200&ssl=1","width":350,"height":200},"classes":[]},{"id":170,"url":"https:\/\/www.asevegarches.fr\/blog\/presentation\/historique\/","url_meta":{"origin":492,"position":3},"title":"Historique","author":"aseve","date":"20 f\u00e9vrier 2015","format":false,"excerpt":"\u00a0 Fond\u00e9e en 1970, l\u2019ASEVE (Association pour la Sauvegarde des Espaces Verts et de l\u2019Environnement) a pour but : - de prot\u00e9ger le cadre de vie et l'environnement, - de sensibiliser les jeunes et les adultes \u00e0 l'environnement, - de jouer un r\u00f4le de facilitateur et d'interm\u00e9diaire entre particuliers, associations,\u2026","rel":"","context":"Article similaire","block_context":{"text":"Article similaire","link":""},"img":{"alt_text":"Villeneuve","src":"https:\/\/i0.wp.com\/www.asevegarches.fr\/blog\/wp-content\/uploads\/2015\/09\/Villeneuve-300x204.jpg?resize=350%2C200&ssl=1","width":350,"height":200},"classes":[]},{"id":526,"url":"https:\/\/www.asevegarches.fr\/blog\/agenda-21\/","url_meta":{"origin":492,"position":4},"title":"Qu&rsquo;est-ce qu&rsquo;un Agenda 21 ?","author":"aseve","date":"23 juin 2015","format":false,"excerpt":"L'Agenda 21 est le titre d\u2019un \u00ab programme d\u2019actions \u00bb pour le XXI\u00e8 si\u00e8cle adopt\u00e9 par\u00a0plus de 170 \u00e9tats lors de la Conf\u00e9rence des \u00c9tats-Unis pour le d\u00e9veloppement et\u00a0l\u2019environnement en 1992 \u00e0 Rio de Janeiro. Dans les 40 chapitres de ce programme, les\u00a0diff\u00e9rents \u00e9tats signataires ont d\u00e9fini les orientations des\u2026","rel":"","context":"Article similaire","block_context":{"text":"Article similaire","link":""},"img":{"alt_text":"","src":"https:\/\/i0.wp.com\/www.asevegarches.fr\/blog\/wp-content\/uploads\/2015\/09\/logo-agenda-21.jpg?resize=350%2C200&ssl=1","width":350,"height":200},"classes":[]},{"id":209,"url":"https:\/\/www.asevegarches.fr\/blog\/dev-durable\/","url_meta":{"origin":492,"position":5},"title":"R\u00f4le de facilitateur","author":"aseve","date":"10 mars 2015","format":false,"excerpt":"Forte de son tissu relationnel, l'ASEVE pr\u00e9conise, \u00e0 l'attention de\u00a0ses adh\u00e9rents, des associations, des collectivit\u00e9s et des entreprises susceptibles de les aider dans la protection de leur environnement. Elle a mis en relation la Mairie et\u00a0l\u2019association\u00a0ESPACES pour la r\u00e9alisation de l'\u00e9tude sur la biodiversit\u00e9\u00a0\u00e0 Garches et pour mener une \u00e9tude\u2026","rel":"","context":"Article similaire","block_context":{"text":"Article similaire","link":""},"img":{"alt_text":"","src":"","width":0,"height":0},"classes":[]}],"_links":{"self":[{"href":"https:\/\/www.asevegarches.fr\/blog\/wp-json\/wp\/v2\/pages\/492","targetHints":{"allow":["GET"]}}],"collection":[{"href":"https:\/\/www.asevegarches.fr\/blog\/wp-json\/wp\/v2\/pages"}],"about":[{"href":"https:\/\/www.asevegarches.fr\/blog\/wp-json\/wp\/v2\/types\/page"}],"author":[{"embeddable":true,"href":"https:\/\/www.asevegarches.fr\/blog\/wp-json\/wp\/v2\/users\/1"}],"replies":[{"embeddable":true,"href":"https:\/\/www.asevegarches.fr\/blog\/wp-json\/wp\/v2\/comments?post=492"}],"version-history":[{"count":15,"href":"https:\/\/www.asevegarches.fr\/blog\/wp-json\/wp\/v2\/pages\/492\/revisions"}],"predecessor-version":[{"id":1297,"href":"https:\/\/www.asevegarches.fr\/blog\/wp-json\/wp\/v2\/pages\/492\/revisions\/1297"}],"up":[{"embeddable":true,"href":"https:\/\/www.asevegarches.fr\/blog\/wp-json\/wp\/v2\/pages\/420"}],"wp:attachment":[{"href":"https:\/\/www.asevegarches.fr\/blog\/wp-json\/wp\/v2\/media?parent=492"}],"curies":[{"name":"wp","href":"https:\/\/api.w.org\/{rel}","templated":true}]}}