{"id":39,"date":"2014-01-30T12:55:25","date_gmt":"2014-01-30T11:55:25","guid":{"rendered":"https:\/\/www.asevegarches.fr\/blog\/?page_id=39"},"modified":"2025-02-03T15:00:19","modified_gmt":"2025-02-03T14:00:19","slug":"presentation","status":"publish","type":"page","link":"https:\/\/www.asevegarches.fr\/blog\/presentation\/","title":{"rendered":"Qui sommes-nous ?"},"content":{"rendered":"<p><a href=\"https:\/\/www.asevegarches.fr\/Images\/Photos\/presentation.jpg\" rel=\"lightbox\"><img loading=\"lazy\" decoding=\"async\" class=\"alignleft\" style=\"margin: 10px 15px;\" src=\"https:\/\/www.asevegarches.fr\/Images\/Minis\/presentation.jpg\" alt=\"Etang de Villeneuve\" width=\"248\" height=\"167\" border=\"1\" \/><\/a>Fond\u00e9e en 1970 pour la Sauvegarde des Espaces Verts et de l\u2019Environnement de Garches et de ses environs, l\u2019ASEVE, association ind\u00e9pendante et agr\u00e9\u00e9e, a pour objet de prot\u00e9ger la nature et les espaces verts, de participer \u00e0 toute action permettant de pr\u00e9server l\u2019environnement et d\u2019am\u00e9liorer la qualit\u00e9 de la vie.<\/p>\n<p>A ce titre, l\u2019ASEVE s\u2019engage dans :<\/p>\n<p>\u2022 la <span style=\"color: #8ec81e;\"><strong>participation<\/strong><\/span> aux commissions extra-municipales de Garches : Urbanisme et permis de construire, Circulation, voirie, stationnement, et Environnement,<\/p>\n<p>\u2022 la <span style=\"color: #8ec81e;\"><strong>concertation<\/strong><\/span> et la <span style=\"color: #8ec81e;\"><strong>coop\u00e9ration<\/strong><\/span> avec : les collectivit\u00e9s territoriales, les associations d\u00e9partementales et r\u00e9gionales de protection de l\u2019environnement,<\/p>\n<p>\u2022 la <span style=\"color: #8ec81e;\"><strong>sauvegarde<\/strong><\/span> et la mise en valeur des espaces verts,<\/p>\n<p>\u2022 des <span style=\"color: #8ec81e;\"><strong>interventions<\/strong><\/span> sur les projets d\u2019am\u00e9nagement urbain,<\/p>\n<p>\u2022 des <span style=\"color: #8ec81e;\"><strong>actions ponctuelles<\/strong><\/span> en cas de non-respect des r\u00e8gles d\u2019urbanisme et de protection de la nature,<\/p>\n<p>\u2022 des <span style=\"color: #8ec81e;\"><strong>actions \u00e9ducatives<\/strong><\/span> sur la biodiversit\u00e9, la pr\u00e9vention et la gestion des d\u00e9chets.<\/p>\n<p>Le <strong>Conseil d&rsquo;Administration<\/strong> \u00e9lit un <strong>bureau<\/strong> dont la composition actuelle est :<\/p>\n<ul>\n<li>Pr\u00e9sident : Marc LAUNAY<\/li>\n<li>Vice-Pr\u00e9sident : Egbert STEFFEN<\/li>\n<li>Tr\u00e9sori\u00e8re : Chantal HABRA-RIVOYRE<\/li>\n<li>Secr\u00e9taire\u00a0 : Christine MASSIAS<\/li>\n<\/ul>\n<p>Membres du <strong>Conseil d&rsquo;Administration<\/strong> :<\/p>\n<p>M. LAUNAY, E. STEFFEN, C. HABRA-RIVOIRE, C. MASSIAS, D. MAILLARD, A. MONOD-BROCA, V. CAPILLON<\/p>\n<hr \/>\n<p>Vous pouvez consulter les <a href=\"https:\/\/www.asevegarches.fr\/blog\/statuts\/\"><span style=\"color: #ca165e; text-decoration: underline;\"><strong>statuts<\/strong><\/span><\/a> de l&rsquo;Association.<\/p>\n","protected":false},"excerpt":{"rendered":"<p>Fond\u00e9e en 1970 pour la Sauvegarde des Espaces Verts et de l\u2019Environnement de Garches et de ses environs, l\u2019ASEVE, association ind\u00e9pendante et agr\u00e9\u00e9e, a pour objet de prot\u00e9ger la nature et les espaces verts, de participer \u00e0 toute action permettant<\/p>\n","protected":false},"author":1,"featured_media":0,"parent":0,"menu_order":0,"comment_status":"closed","ping_status":"closed","template":"","meta":{"footnotes":""},"class_list":["post-39","page","type-page","status-publish","hentry"],"yoast_head":"<!-- This site is optimized with the Yoast SEO plugin v27.3 - https:\/\/yoast.com\/product\/yoast-seo-wordpress\/ -->\n<title>Qui sommes-nous ? - ASEVE GARCHES<\/title>\n<meta name=\"robots\" content=\"index, follow, max-snippet:-1, max-image-preview:large, max-video-preview:-1\" \/>\n<link rel=\"canonical\" href=\"https:\/\/www.asevegarches.fr\/blog\/\" \/>\n<meta property=\"og:locale\" content=\"fr_FR\" \/>\n<meta property=\"og:type\" content=\"article\" \/>\n<meta property=\"og:title\" content=\"Qui sommes-nous ? - ASEVE GARCHES\" \/>\n<meta property=\"og:description\" content=\"Fond\u00e9e en 1970 pour la Sauvegarde des Espaces Verts et de l\u2019Environnement de Garches et de ses environs, l\u2019ASEVE, association ind\u00e9pendante et agr\u00e9\u00e9e, a pour objet de prot\u00e9ger la nature et les espaces verts, de participer \u00e0 toute action permettant\" \/>\n<meta property=\"og:url\" content=\"https:\/\/www.asevegarches.fr\/blog\/\" \/>\n<meta property=\"og:site_name\" content=\"ASEVE GARCHES\" \/>\n<meta property=\"article:modified_time\" content=\"2025-02-03T14:00:19+00:00\" \/>\n<meta property=\"og:image\" content=\"https:\/\/www.asevegarches.fr\/Images\/Minis\/presentation.jpg\" \/>\n<meta name=\"twitter:card\" content=\"summary_large_image\" \/>\n<meta name=\"twitter:label1\" content=\"Dur\u00e9e de lecture estim\u00e9e\" \/>\n\t<meta name=\"twitter:data1\" content=\"2 minutes\" \/>\n<script type=\"application\/ld+json\" class=\"yoast-schema-graph\">{\"@context\":\"https:\\\/\\\/schema.org\",\"@graph\":[{\"@type\":\"WebPage\",\"@id\":\"https:\\\/\\\/www.asevegarches.fr\\\/blog\\\/\",\"url\":\"https:\\\/\\\/www.asevegarches.fr\\\/blog\\\/\",\"name\":\"Qui sommes-nous ? - ASEVE GARCHES\",\"isPartOf\":{\"@id\":\"https:\\\/\\\/www.asevegarches.fr\\\/blog\\\/#website\"},\"primaryImageOfPage\":{\"@id\":\"https:\\\/\\\/www.asevegarches.fr\\\/blog\\\/#primaryimage\"},\"image\":{\"@id\":\"https:\\\/\\\/www.asevegarches.fr\\\/blog\\\/#primaryimage\"},\"thumbnailUrl\":\"https:\\\/\\\/www.asevegarches.fr\\\/Images\\\/Minis\\\/presentation.jpg\",\"datePublished\":\"2014-01-30T11:55:25+00:00\",\"dateModified\":\"2025-02-03T14:00:19+00:00\",\"breadcrumb\":{\"@id\":\"https:\\\/\\\/www.asevegarches.fr\\\/blog\\\/#breadcrumb\"},\"inLanguage\":\"fr-FR\",\"potentialAction\":[{\"@type\":\"ReadAction\",\"target\":[\"https:\\\/\\\/www.asevegarches.fr\\\/blog\\\/\"]}]},{\"@type\":\"ImageObject\",\"inLanguage\":\"fr-FR\",\"@id\":\"https:\\\/\\\/www.asevegarches.fr\\\/blog\\\/#primaryimage\",\"url\":\"https:\\\/\\\/www.asevegarches.fr\\\/Images\\\/Minis\\\/presentation.jpg\",\"contentUrl\":\"https:\\\/\\\/www.asevegarches.fr\\\/Images\\\/Minis\\\/presentation.jpg\"},{\"@type\":\"BreadcrumbList\",\"@id\":\"https:\\\/\\\/www.asevegarches.fr\\\/blog\\\/#breadcrumb\",\"itemListElement\":[{\"@type\":\"ListItem\",\"position\":1,\"name\":\"Accueil\",\"item\":\"https:\\\/\\\/www.asevegarches.fr\\\/blog\\\/\"},{\"@type\":\"ListItem\",\"position\":2,\"name\":\"Qui sommes-nous ?\"}]},{\"@type\":\"WebSite\",\"@id\":\"https:\\\/\\\/www.asevegarches.fr\\\/blog\\\/#website\",\"url\":\"https:\\\/\\\/www.asevegarches.fr\\\/blog\\\/\",\"name\":\"ASEVE GARCHES\",\"description\":\"\",\"publisher\":{\"@id\":\"https:\\\/\\\/www.asevegarches.fr\\\/blog\\\/#organization\"},\"potentialAction\":[{\"@type\":\"SearchAction\",\"target\":{\"@type\":\"EntryPoint\",\"urlTemplate\":\"https:\\\/\\\/www.asevegarches.fr\\\/blog\\\/?s={search_term_string}\"},\"query-input\":{\"@type\":\"PropertyValueSpecification\",\"valueRequired\":true,\"valueName\":\"search_term_string\"}}],\"inLanguage\":\"fr-FR\"},{\"@type\":\"Organization\",\"@id\":\"https:\\\/\\\/www.asevegarches.fr\\\/blog\\\/#organization\",\"name\":\"Association de Sauvegarde des Espaces Verts et de l'Environnement\",\"alternateName\":\"ASEVE\",\"url\":\"https:\\\/\\\/www.asevegarches.fr\\\/blog\\\/\",\"logo\":{\"@type\":\"ImageObject\",\"inLanguage\":\"fr-FR\",\"@id\":\"https:\\\/\\\/www.asevegarches.fr\\\/blog\\\/#\\\/schema\\\/logo\\\/image\\\/\",\"url\":\"https:\\\/\\\/i0.wp.com\\\/www.asevegarches.fr\\\/blog\\\/wp-content\\\/uploads\\\/2022\\\/10\\\/LOGO_logo-facebook.jpg?fit=1501%2C1501\",\"contentUrl\":\"https:\\\/\\\/i0.wp.com\\\/www.asevegarches.fr\\\/blog\\\/wp-content\\\/uploads\\\/2022\\\/10\\\/LOGO_logo-facebook.jpg?fit=1501%2C1501\",\"width\":1501,\"height\":1501,\"caption\":\"Association de Sauvegarde des Espaces Verts et de l'Environnement\"},\"image\":{\"@id\":\"https:\\\/\\\/www.asevegarches.fr\\\/blog\\\/#\\\/schema\\\/logo\\\/image\\\/\"}}]}<\/script>\n<!-- \/ Yoast SEO plugin. -->","yoast_head_json":{"title":"Qui sommes-nous ? - ASEVE GARCHES","robots":{"index":"index","follow":"follow","max-snippet":"max-snippet:-1","max-image-preview":"max-image-preview:large","max-video-preview":"max-video-preview:-1"},"canonical":"https:\/\/www.asevegarches.fr\/blog\/","og_locale":"fr_FR","og_type":"article","og_title":"Qui sommes-nous ? - ASEVE GARCHES","og_description":"Fond\u00e9e en 1970 pour la Sauvegarde des Espaces Verts et de l\u2019Environnement de Garches et de ses environs, l\u2019ASEVE, association ind\u00e9pendante et agr\u00e9\u00e9e, a pour objet de prot\u00e9ger la nature et les espaces verts, de participer \u00e0 toute action permettant","og_url":"https:\/\/www.asevegarches.fr\/blog\/","og_site_name":"ASEVE GARCHES","article_modified_time":"2025-02-03T14:00:19+00:00","og_image":[{"url":"https:\/\/www.asevegarches.fr\/Images\/Minis\/presentation.jpg","type":"","width":"","height":""}],"twitter_card":"summary_large_image","twitter_misc":{"Dur\u00e9e de lecture estim\u00e9e":"2 minutes"},"schema":{"@context":"https:\/\/schema.org","@graph":[{"@type":"WebPage","@id":"https:\/\/www.asevegarches.fr\/blog\/","url":"https:\/\/www.asevegarches.fr\/blog\/","name":"Qui sommes-nous ? - ASEVE GARCHES","isPartOf":{"@id":"https:\/\/www.asevegarches.fr\/blog\/#website"},"primaryImageOfPage":{"@id":"https:\/\/www.asevegarches.fr\/blog\/#primaryimage"},"image":{"@id":"https:\/\/www.asevegarches.fr\/blog\/#primaryimage"},"thumbnailUrl":"https:\/\/www.asevegarches.fr\/Images\/Minis\/presentation.jpg","datePublished":"2014-01-30T11:55:25+00:00","dateModified":"2025-02-03T14:00:19+00:00","breadcrumb":{"@id":"https:\/\/www.asevegarches.fr\/blog\/#breadcrumb"},"inLanguage":"fr-FR","potentialAction":[{"@type":"ReadAction","target":["https:\/\/www.asevegarches.fr\/blog\/"]}]},{"@type":"ImageObject","inLanguage":"fr-FR","@id":"https:\/\/www.asevegarches.fr\/blog\/#primaryimage","url":"https:\/\/www.asevegarches.fr\/Images\/Minis\/presentation.jpg","contentUrl":"https:\/\/www.asevegarches.fr\/Images\/Minis\/presentation.jpg"},{"@type":"BreadcrumbList","@id":"https:\/\/www.asevegarches.fr\/blog\/#breadcrumb","itemListElement":[{"@type":"ListItem","position":1,"name":"Accueil","item":"https:\/\/www.asevegarches.fr\/blog\/"},{"@type":"ListItem","position":2,"name":"Qui sommes-nous ?"}]},{"@type":"WebSite","@id":"https:\/\/www.asevegarches.fr\/blog\/#website","url":"https:\/\/www.asevegarches.fr\/blog\/","name":"ASEVE GARCHES","description":"","publisher":{"@id":"https:\/\/www.asevegarches.fr\/blog\/#organization"},"potentialAction":[{"@type":"SearchAction","target":{"@type":"EntryPoint","urlTemplate":"https:\/\/www.asevegarches.fr\/blog\/?s={search_term_string}"},"query-input":{"@type":"PropertyValueSpecification","valueRequired":true,"valueName":"search_term_string"}}],"inLanguage":"fr-FR"},{"@type":"Organization","@id":"https:\/\/www.asevegarches.fr\/blog\/#organization","name":"Association de Sauvegarde des Espaces Verts et de l'Environnement","alternateName":"ASEVE","url":"https:\/\/www.asevegarches.fr\/blog\/","logo":{"@type":"ImageObject","inLanguage":"fr-FR","@id":"https:\/\/www.asevegarches.fr\/blog\/#\/schema\/logo\/image\/","url":"https:\/\/i0.wp.com\/www.asevegarches.fr\/blog\/wp-content\/uploads\/2022\/10\/LOGO_logo-facebook.jpg?fit=1501%2C1501","contentUrl":"https:\/\/i0.wp.com\/www.asevegarches.fr\/blog\/wp-content\/uploads\/2022\/10\/LOGO_logo-facebook.jpg?fit=1501%2C1501","width":1501,"height":1501,"caption":"Association de Sauvegarde des Espaces Verts et de l'Environnement"},"image":{"@id":"https:\/\/www.asevegarches.fr\/blog\/#\/schema\/logo\/image\/"}}]}},"jetpack_sharing_enabled":true,"jetpack_shortlink":"https:\/\/wp.me\/P6YGVC-D","jetpack-related-posts":[{"id":201,"url":"https:\/\/www.asevegarches.fr\/blog\/presentation2-2\/","url_meta":{"origin":39,"position":0},"title":"Pr\u00e9sentation2","author":"aseve","date":"10 mars 2015","format":false,"excerpt":"Fond\u00e9e en 1970 pour la Sauvegarde des Espaces Verts et de l\u2019Environnement de Garches et de ses environs, l\u2019ASEVE, association ind\u00e9pendante et agr\u00e9\u00e9e, a pour objet: de prot\u00e9ger la nature et les espaces verts, de participer \u00e0 toute action permettant de pr\u00e9server l\u2019environnement et d\u2019am\u00e9liorer la qualit\u00e9 de la vie.\u2026","rel":"","context":"Article similaire","block_context":{"text":"Article similaire","link":""},"img":{"alt_text":"","src":"","width":0,"height":0},"classes":[]},{"id":204,"url":"https:\/\/www.asevegarches.fr\/blog\/nos-actions\/","url_meta":{"origin":39,"position":1},"title":"Nos actions","author":"aseve","date":"10 mars 2015","format":false,"excerpt":"Fond\u00e9e en 1970, l\u2019ASEVE (Association pour la Sauvegarde des Espaces Verts et de l\u2019Environnement) s\u2019adresse \u00e0 des publics tr\u00e8s divers et concentre ses activit\u00e9s sur trois axes principaux : La protection du cadre de vie et de l'environnement La sensibilisation des jeunes et des adultes au d\u00e9veloppement durable et \u00e0\u2026","rel":"","context":"Article similaire","block_context":{"text":"Article similaire","link":""},"img":{"alt_text":"Villeneuve","src":"https:\/\/i0.wp.com\/www.asevegarches.fr\/blog\/wp-content\/uploads\/2015\/09\/Villeneuve-300x204.jpg?resize=350%2C200&ssl=1","width":350,"height":200},"classes":[]},{"id":170,"url":"https:\/\/www.asevegarches.fr\/blog\/presentation\/historique\/","url_meta":{"origin":39,"position":2},"title":"Historique","author":"aseve","date":"20 f\u00e9vrier 2015","format":false,"excerpt":"\u00a0 Fond\u00e9e en 1970, l\u2019ASEVE (Association pour la Sauvegarde des Espaces Verts et de l\u2019Environnement) a pour but : - de prot\u00e9ger le cadre de vie et l'environnement, - de sensibiliser les jeunes et les adultes \u00e0 l'environnement, - de jouer un r\u00f4le de facilitateur et d'interm\u00e9diaire entre particuliers, associations,\u2026","rel":"","context":"Article similaire","block_context":{"text":"Article similaire","link":""},"img":{"alt_text":"Villeneuve","src":"https:\/\/i0.wp.com\/www.asevegarches.fr\/blog\/wp-content\/uploads\/2015\/09\/Villeneuve-300x204.jpg?resize=350%2C200&ssl=1","width":350,"height":200},"classes":[]},{"id":207,"url":"https:\/\/www.asevegarches.fr\/blog\/pedagogie\/","url_meta":{"origin":39,"position":3},"title":"Protection et am\u00e9nagement du cadre de vie","author":"aseve","date":"10 mars 2015","format":false,"excerpt":"La commune de Garches est occup\u00e9e \u00e0 55 % de sa superficie par des\u00a0espaces verts priv\u00e9s ou publics. Elle est entour\u00e9e d'espaces bois\u00e9s importants : le\u00a0Parc de Saint-Cloud, le Golf de Saint-Cloud,\u00a0le bois de Saint-Cucufa, la for\u00eat de Fausses-Reposes. Ce cadre de vie remarquable offre un environnement de qualit\u00e9 qui\u2026","rel":"","context":"Article similaire","block_context":{"text":"Article similaire","link":""},"img":{"alt_text":"","src":"https:\/\/i0.wp.com\/www.asevegarches.fr\/blog\/wp-content\/uploads\/2015\/09\/Rue-des-Mar%C3%A9chaux-300x202.jpg?resize=350%2C200&ssl=1","width":350,"height":200},"classes":[]},{"id":420,"url":"https:\/\/www.asevegarches.fr\/blog\/sensibilisation-a-lenvironnement-2\/","url_meta":{"origin":39,"position":4},"title":"Sensibilisation \u00e0 l&rsquo;environnement","author":"aseve","date":"13 mai 2015","format":false,"excerpt":"C\u2019est l\u2019une des missions essentielles de l\u2019ASEVE. Les moyens mis en \u0153uvre s\u2019adressent : aux enfants,\u00a0pour former les futurs \"\u00e9co-citoyens\", au grand public. POUR LES ENFANTS Notre d\u00e9marche p\u00e9dagogique Des sorties \"Nature\" adapt\u00e9es au projet d'\u00e9cole Des\u00a0ateliers-animations sont organis\u00e9s pour les enfants\u00a0des \u00e9coles de Garches dans le domaine de Saint-Cloud,\u2026","rel":"","context":"Article similaire","block_context":{"text":"Article similaire","link":""},"img":{"alt_text":"Atelier Scolaire","src":"https:\/\/i0.wp.com\/www.asevegarches.fr\/blog\/wp-content\/uploads\/2015\/06\/4.Animation.4VENTS-e1447758257758.jpg?resize=350%2C200&ssl=1","width":350,"height":200},"classes":[]},{"id":503,"url":"https:\/\/www.asevegarches.fr\/blog\/pedagogie\/les-commissions-extra-municipales\/","url_meta":{"origin":39,"position":5},"title":"Les commissions extra-municipales","author":"aseve","date":"22 juin 2015","format":false,"excerpt":"\u00a0 L\u2019ASEVE participe aux Commissions extra municipales de l\u2019urbanisme et de la circulation, des permis de\u00a0construire et de l'environnement. Elle \u00a0reste attentive \u00e0 l\u2019\u00e9volution\u00a0d\u00e9mographique de Garches et \u00e0 ses cons\u00e9quences sur l\u2019habitat. Elle m\u00e8ne des actions aupr\u00e8s des collectivit\u00e9s locales et de la population environnante\u00a0pour un urbanisme et un habitat\u2026","rel":"","context":"Article similaire","block_context":{"text":"Article similaire","link":""},"img":{"alt_text":"Projet Eco-ilot de l'\u00e9glise","src":"https:\/\/i0.wp.com\/www.asevegarches.fr\/blog\/wp-content\/uploads\/2015\/09\/Eco-%C3%AFlot-de-l%C3%A9glise-300x202.jpg?resize=350%2C200&ssl=1","width":350,"height":200},"classes":[]}],"_links":{"self":[{"href":"https:\/\/www.asevegarches.fr\/blog\/wp-json\/wp\/v2\/pages\/39","targetHints":{"allow":["GET"]}}],"collection":[{"href":"https:\/\/www.asevegarches.fr\/blog\/wp-json\/wp\/v2\/pages"}],"about":[{"href":"https:\/\/www.asevegarches.fr\/blog\/wp-json\/wp\/v2\/types\/page"}],"author":[{"embeddable":true,"href":"https:\/\/www.asevegarches.fr\/blog\/wp-json\/wp\/v2\/users\/1"}],"replies":[{"embeddable":true,"href":"https:\/\/www.asevegarches.fr\/blog\/wp-json\/wp\/v2\/comments?post=39"}],"version-history":[{"count":23,"href":"https:\/\/www.asevegarches.fr\/blog\/wp-json\/wp\/v2\/pages\/39\/revisions"}],"predecessor-version":[{"id":3644,"href":"https:\/\/www.asevegarches.fr\/blog\/wp-json\/wp\/v2\/pages\/39\/revisions\/3644"}],"wp:attachment":[{"href":"https:\/\/www.asevegarches.fr\/blog\/wp-json\/wp\/v2\/media?parent=39"}],"curies":[{"name":"wp","href":"https:\/\/api.w.org\/{rel}","templated":true}]}}