{"id":2136,"date":"2016-03-25T12:16:52","date_gmt":"2016-03-25T11:16:52","guid":{"rendered":"https:\/\/www.asevegarches.fr\/blog\/?page_id=2136"},"modified":"2016-04-14T13:37:05","modified_gmt":"2016-04-14T12:37:05","slug":"sauvegarde-des-abeilles","status":"publish","type":"page","link":"https:\/\/www.asevegarches.fr\/blog\/sauvegarde-des-abeilles\/","title":{"rendered":"Sauvegarde des abeilles"},"content":{"rendered":"<p style=\"text-align: justify;\">Il a d\u00e9sormais \u00e9t\u00e9 act\u00e9 au Parlement, deux fois de suite, que <strong>les n\u00e9onicotino\u00efdes sont des poisons<\/strong> et qu&rsquo;ils doivent \u00eatre interdits au plus vite dans l&rsquo;int\u00e9r\u00eat de tous. Et les m\u00e9dias en parlent d\u00e9sormais comme s&rsquo;il \u00e9tait normal de les interdire, alors que la plupart d&rsquo;entre eux ne connaissaient m\u00eame pas leur existence il y a encore un an.<\/p>\n<p style=\"text-align: justify;\"><strong>C&rsquo;est une victoire sans pr\u00e9c\u00e9dent des citoyens face aux grands lobbies de l&rsquo;agrochimie<\/strong> qui pourrait ouvrir la voie vers une remise en cause globale du syst\u00e8me au niveau europ\u00e9en.<\/p>\n<p style=\"text-align: justify;\">La prochaine \u00e9tape, c&rsquo;est la validation de cette interdiction au S\u00e9nat fran\u00e7ais. Une fois l&rsquo;interdiction ent\u00e9rin\u00e9e en France, c&rsquo;est au niveau europ\u00e9en que les efforts doivent se concentrer, pour d\u00e9barrasser l&rsquo;Union Europ\u00e9enne toute enti\u00e8re de ces substances qui mettent en p\u00e9ril les abeilles, l&rsquo;agriculture et l&rsquo;alimentation de toute la population.<\/p>\n<p style=\"text-align: justify;\">Cette victoire est importante quand on sait l&rsquo;importance des abeilles dans la pollinisation des plantes. Suite \u00e0 des recherches r\u00e9centes, la plate-forme intergouvernementale sur la biodiversit\u00e9 et les services \u00e9cosyst\u00e9miques (l&rsquo;IPBES), \u00e9quivalent du groupe d&rsquo;experts climatiques r\u00e9unis au sein du GIEC, a reconnu que \u00ab <strong>plus des trois quarts des principales cultures mondiales destin\u00e9es \u00e0 l&rsquo;alimentation d\u00e9pendent d&rsquo;une mani\u00e8re ou d&rsquo;une autre de la pollinisation animale\u00a0<\/strong>\u00bb.<\/p>\n<p style=\"text-align: justify;\">Les n\u00e9onicotino\u00efdes maintiennent les agriculteurs dans un \u00e9tat de d\u00e9pendance extr\u00eame vis-\u00e0-vis de l&rsquo;industrie agrochimique et emp\u00eachent la transition vers un nouveau mod\u00e8le agricole respectueux de la nature, des agriculteurs et des pollinisateurs dont d\u00e9pendent leurs productions.<\/p>\n<p style=\"text-align: justify;\">Principale alternative aux pesticides, l\u2019agriculture biologique est en essor : selon les chiffres de l\u2019Agence bio de la fin de f\u00e9vrier, les surfaces engag\u00e9es en \u00ab bio \u00bb ont bondi de 17 % en un an.<\/p>\n<p style=\"text-align: justify;\">Si vous souhaitez participer \u00e0 cette action de sauvegarde des abeilles, vous pouvez joindre l\u2019association POLLINIS : <span style=\"text-decoration: underline; color: #ca165e;\"><strong><a style=\"color: #ca165e; text-decoration: underline;\" href=\"http:\/\/www.pollinis.org\" target=\"_blank\">www.pollinis.org<\/a><\/strong><\/span><\/p>\n","protected":false},"excerpt":{"rendered":"<p>Il a d\u00e9sormais \u00e9t\u00e9 act\u00e9 au Parlement, deux fois de suite, que les n\u00e9onicotino\u00efdes sont des poisons et qu&rsquo;ils doivent \u00eatre interdits au plus vite dans l&rsquo;int\u00e9r\u00eat de tous. Et les m\u00e9dias en parlent d\u00e9sormais comme s&rsquo;il \u00e9tait normal de<\/p>\n","protected":false},"author":1,"featured_media":0,"parent":0,"menu_order":0,"comment_status":"closed","ping_status":"closed","template":"","meta":{"footnotes":""},"class_list":["post-2136","page","type-page","status-publish","hentry"],"yoast_head":"<!-- This site is optimized with the Yoast SEO plugin v27.4 - https:\/\/yoast.com\/product\/yoast-seo-wordpress\/ -->\n<title>Sauvegarde des abeilles - ASEVE GARCHES<\/title>\n<meta name=\"robots\" content=\"index, follow, max-snippet:-1, max-image-preview:large, max-video-preview:-1\" \/>\n<link rel=\"canonical\" href=\"https:\/\/www.asevegarches.fr\/blog\/sauvegarde-des-abeilles\/\" \/>\n<meta property=\"og:locale\" content=\"fr_FR\" \/>\n<meta property=\"og:type\" content=\"article\" \/>\n<meta property=\"og:title\" content=\"Sauvegarde des abeilles - ASEVE GARCHES\" \/>\n<meta property=\"og:description\" content=\"Il a d\u00e9sormais \u00e9t\u00e9 act\u00e9 au Parlement, deux fois de suite, que les n\u00e9onicotino\u00efdes sont des poisons et qu&rsquo;ils doivent \u00eatre interdits au plus vite dans l&rsquo;int\u00e9r\u00eat de tous. Et les m\u00e9dias en parlent d\u00e9sormais comme s&rsquo;il \u00e9tait normal de\" \/>\n<meta property=\"og:url\" content=\"https:\/\/www.asevegarches.fr\/blog\/sauvegarde-des-abeilles\/\" \/>\n<meta property=\"og:site_name\" content=\"ASEVE GARCHES\" \/>\n<meta property=\"article:modified_time\" content=\"2016-04-14T12:37:05+00:00\" \/>\n<meta name=\"twitter:card\" content=\"summary_large_image\" \/>\n<meta name=\"twitter:label1\" content=\"Dur\u00e9e de lecture estim\u00e9e\" \/>\n\t<meta name=\"twitter:data1\" content=\"2 minutes\" \/>\n<script type=\"application\/ld+json\" class=\"yoast-schema-graph\">{\"@context\":\"https:\\\/\\\/schema.org\",\"@graph\":[{\"@type\":\"WebPage\",\"@id\":\"https:\\\/\\\/www.asevegarches.fr\\\/blog\\\/sauvegarde-des-abeilles\\\/\",\"url\":\"https:\\\/\\\/www.asevegarches.fr\\\/blog\\\/sauvegarde-des-abeilles\\\/\",\"name\":\"Sauvegarde des abeilles - ASEVE GARCHES\",\"isPartOf\":{\"@id\":\"https:\\\/\\\/www.asevegarches.fr\\\/blog\\\/#website\"},\"datePublished\":\"2016-03-25T11:16:52+00:00\",\"dateModified\":\"2016-04-14T12:37:05+00:00\",\"breadcrumb\":{\"@id\":\"https:\\\/\\\/www.asevegarches.fr\\\/blog\\\/sauvegarde-des-abeilles\\\/#breadcrumb\"},\"inLanguage\":\"fr-FR\",\"potentialAction\":[{\"@type\":\"ReadAction\",\"target\":[\"https:\\\/\\\/www.asevegarches.fr\\\/blog\\\/sauvegarde-des-abeilles\\\/\"]}]},{\"@type\":\"BreadcrumbList\",\"@id\":\"https:\\\/\\\/www.asevegarches.fr\\\/blog\\\/sauvegarde-des-abeilles\\\/#breadcrumb\",\"itemListElement\":[{\"@type\":\"ListItem\",\"position\":1,\"name\":\"Accueil\",\"item\":\"https:\\\/\\\/www.asevegarches.fr\\\/blog\\\/\"},{\"@type\":\"ListItem\",\"position\":2,\"name\":\"Sauvegarde des abeilles\"}]},{\"@type\":\"WebSite\",\"@id\":\"https:\\\/\\\/www.asevegarches.fr\\\/blog\\\/#website\",\"url\":\"https:\\\/\\\/www.asevegarches.fr\\\/blog\\\/\",\"name\":\"ASEVE GARCHES\",\"description\":\"\",\"publisher\":{\"@id\":\"https:\\\/\\\/www.asevegarches.fr\\\/blog\\\/#organization\"},\"potentialAction\":[{\"@type\":\"SearchAction\",\"target\":{\"@type\":\"EntryPoint\",\"urlTemplate\":\"https:\\\/\\\/www.asevegarches.fr\\\/blog\\\/?s={search_term_string}\"},\"query-input\":{\"@type\":\"PropertyValueSpecification\",\"valueRequired\":true,\"valueName\":\"search_term_string\"}}],\"inLanguage\":\"fr-FR\"},{\"@type\":\"Organization\",\"@id\":\"https:\\\/\\\/www.asevegarches.fr\\\/blog\\\/#organization\",\"name\":\"Association de Sauvegarde des Espaces Verts et de l'Environnement\",\"alternateName\":\"ASEVE\",\"url\":\"https:\\\/\\\/www.asevegarches.fr\\\/blog\\\/\",\"logo\":{\"@type\":\"ImageObject\",\"inLanguage\":\"fr-FR\",\"@id\":\"https:\\\/\\\/www.asevegarches.fr\\\/blog\\\/#\\\/schema\\\/logo\\\/image\\\/\",\"url\":\"https:\\\/\\\/i0.wp.com\\\/www.asevegarches.fr\\\/blog\\\/wp-content\\\/uploads\\\/2022\\\/10\\\/LOGO_logo-facebook.jpg?fit=1501%2C1501\",\"contentUrl\":\"https:\\\/\\\/i0.wp.com\\\/www.asevegarches.fr\\\/blog\\\/wp-content\\\/uploads\\\/2022\\\/10\\\/LOGO_logo-facebook.jpg?fit=1501%2C1501\",\"width\":1501,\"height\":1501,\"caption\":\"Association de Sauvegarde des Espaces Verts et de l'Environnement\"},\"image\":{\"@id\":\"https:\\\/\\\/www.asevegarches.fr\\\/blog\\\/#\\\/schema\\\/logo\\\/image\\\/\"}}]}<\/script>\n<!-- \/ Yoast SEO plugin. -->","yoast_head_json":{"title":"Sauvegarde des abeilles - ASEVE GARCHES","robots":{"index":"index","follow":"follow","max-snippet":"max-snippet:-1","max-image-preview":"max-image-preview:large","max-video-preview":"max-video-preview:-1"},"canonical":"https:\/\/www.asevegarches.fr\/blog\/sauvegarde-des-abeilles\/","og_locale":"fr_FR","og_type":"article","og_title":"Sauvegarde des abeilles - ASEVE GARCHES","og_description":"Il a d\u00e9sormais \u00e9t\u00e9 act\u00e9 au Parlement, deux fois de suite, que les n\u00e9onicotino\u00efdes sont des poisons et qu&rsquo;ils doivent \u00eatre interdits au plus vite dans l&rsquo;int\u00e9r\u00eat de tous. Et les m\u00e9dias en parlent d\u00e9sormais comme s&rsquo;il \u00e9tait normal de","og_url":"https:\/\/www.asevegarches.fr\/blog\/sauvegarde-des-abeilles\/","og_site_name":"ASEVE GARCHES","article_modified_time":"2016-04-14T12:37:05+00:00","twitter_card":"summary_large_image","twitter_misc":{"Dur\u00e9e de lecture estim\u00e9e":"2 minutes"},"schema":{"@context":"https:\/\/schema.org","@graph":[{"@type":"WebPage","@id":"https:\/\/www.asevegarches.fr\/blog\/sauvegarde-des-abeilles\/","url":"https:\/\/www.asevegarches.fr\/blog\/sauvegarde-des-abeilles\/","name":"Sauvegarde des abeilles - ASEVE GARCHES","isPartOf":{"@id":"https:\/\/www.asevegarches.fr\/blog\/#website"},"datePublished":"2016-03-25T11:16:52+00:00","dateModified":"2016-04-14T12:37:05+00:00","breadcrumb":{"@id":"https:\/\/www.asevegarches.fr\/blog\/sauvegarde-des-abeilles\/#breadcrumb"},"inLanguage":"fr-FR","potentialAction":[{"@type":"ReadAction","target":["https:\/\/www.asevegarches.fr\/blog\/sauvegarde-des-abeilles\/"]}]},{"@type":"BreadcrumbList","@id":"https:\/\/www.asevegarches.fr\/blog\/sauvegarde-des-abeilles\/#breadcrumb","itemListElement":[{"@type":"ListItem","position":1,"name":"Accueil","item":"https:\/\/www.asevegarches.fr\/blog\/"},{"@type":"ListItem","position":2,"name":"Sauvegarde des abeilles"}]},{"@type":"WebSite","@id":"https:\/\/www.asevegarches.fr\/blog\/#website","url":"https:\/\/www.asevegarches.fr\/blog\/","name":"ASEVE GARCHES","description":"","publisher":{"@id":"https:\/\/www.asevegarches.fr\/blog\/#organization"},"potentialAction":[{"@type":"SearchAction","target":{"@type":"EntryPoint","urlTemplate":"https:\/\/www.asevegarches.fr\/blog\/?s={search_term_string}"},"query-input":{"@type":"PropertyValueSpecification","valueRequired":true,"valueName":"search_term_string"}}],"inLanguage":"fr-FR"},{"@type":"Organization","@id":"https:\/\/www.asevegarches.fr\/blog\/#organization","name":"Association de Sauvegarde des Espaces Verts et de l'Environnement","alternateName":"ASEVE","url":"https:\/\/www.asevegarches.fr\/blog\/","logo":{"@type":"ImageObject","inLanguage":"fr-FR","@id":"https:\/\/www.asevegarches.fr\/blog\/#\/schema\/logo\/image\/","url":"https:\/\/i0.wp.com\/www.asevegarches.fr\/blog\/wp-content\/uploads\/2022\/10\/LOGO_logo-facebook.jpg?fit=1501%2C1501","contentUrl":"https:\/\/i0.wp.com\/www.asevegarches.fr\/blog\/wp-content\/uploads\/2022\/10\/LOGO_logo-facebook.jpg?fit=1501%2C1501","width":1501,"height":1501,"caption":"Association de Sauvegarde des Espaces Verts et de l'Environnement"},"image":{"@id":"https:\/\/www.asevegarches.fr\/blog\/#\/schema\/logo\/image\/"}}]}},"jetpack_sharing_enabled":true,"jetpack_shortlink":"https:\/\/wp.me\/P6YGVC-ys","jetpack-related-posts":[{"id":174,"url":"https:\/\/www.asevegarches.fr\/blog\/statuts\/","url_meta":{"origin":2136,"position":0},"title":"Statuts","author":"aseve","date":"20 f\u00e9vrier 2015","format":false,"excerpt":"Article 1er - Forme Il est form\u00e9 entre les personnes qui ont adh\u00e9r\u00e9 ou qui adh\u00e9reront aux pr\u00e9sents statuts une Association qui sera r\u00e9gie par la loi du 1er juillet 1901, les lois subs\u00e9quentes et les pr\u00e9sents statuts. Article 2 - D\u00e9nomination L'Association prend la d\u00e9nomination de : \"ASSOCIATION POUR\u2026","rel":"","context":"Article similaire","block_context":{"text":"Article similaire","link":""},"img":{"alt_text":"photo statuts","src":"https:\/\/i0.wp.com\/www.asevegarches.fr\/blog\/wp-content\/uploads\/2015\/11\/photo-statuts-150x150.jpg?resize=350%2C200&ssl=1","width":350,"height":200},"classes":[]},{"id":2257,"url":"https:\/\/www.asevegarches.fr\/blog\/conference-de-m-dufumier-avril-2016\/","url_meta":{"origin":2136,"position":1},"title":"Conf\u00e9rence de M. Dufumier (avril 2016)","author":"aseve","date":"3 juin 2016","format":false,"excerpt":"Nourrir correctement et durablement l\u2019humanit\u00e9 toute enti\u00e8re \u2022\u00a0Les enjeux alimentaires mondiaux La s\u00e9curit\u00e9 alimentaire reste encore aujourd\u2019hui la pr\u00e9occupation essentielle de tr\u00e8s nombreux m\u00e9nages dans le monde. Si ce vocable recouvre principalement la s\u00e9curit\u00e9 sanitaire des aliments dans les pays du Nord (poulets et \u0153ufs sans dioxine, fruits et l\u00e9gumes\u2026","rel":"","context":"Article similaire","block_context":{"text":"Article similaire","link":""},"img":{"alt_text":"planete-couverts","src":"https:\/\/i0.wp.com\/www.asevegarches.fr\/blog\/wp-content\/uploads\/2016\/06\/planete-couverts-300x214.jpg?resize=350%2C200&ssl=1","width":350,"height":200},"classes":[]},{"id":526,"url":"https:\/\/www.asevegarches.fr\/blog\/agenda-21\/","url_meta":{"origin":2136,"position":2},"title":"Qu&rsquo;est-ce qu&rsquo;un Agenda 21 ?","author":"aseve","date":"23 juin 2015","format":false,"excerpt":"L'Agenda 21 est le titre d\u2019un \u00ab programme d\u2019actions \u00bb pour le XXI\u00e8 si\u00e8cle adopt\u00e9 par\u00a0plus de 170 \u00e9tats lors de la Conf\u00e9rence des \u00c9tats-Unis pour le d\u00e9veloppement et\u00a0l\u2019environnement en 1992 \u00e0 Rio de Janeiro. Dans les 40 chapitres de ce programme, les\u00a0diff\u00e9rents \u00e9tats signataires ont d\u00e9fini les orientations des\u2026","rel":"","context":"Article similaire","block_context":{"text":"Article similaire","link":""},"img":{"alt_text":"","src":"https:\/\/i0.wp.com\/www.asevegarches.fr\/blog\/wp-content\/uploads\/2015\/09\/logo-agenda-21.jpg?resize=350%2C200&ssl=1","width":350,"height":200},"classes":[]},{"id":420,"url":"https:\/\/www.asevegarches.fr\/blog\/sensibilisation-a-lenvironnement-2\/","url_meta":{"origin":2136,"position":3},"title":"Sensibilisation \u00e0 l&rsquo;environnement","author":"aseve","date":"13 mai 2015","format":false,"excerpt":"C\u2019est l\u2019une des missions essentielles de l\u2019ASEVE. Les moyens mis en \u0153uvre s\u2019adressent : aux enfants,\u00a0pour former les futurs \"\u00e9co-citoyens\", au grand public. POUR LES ENFANTS Notre d\u00e9marche p\u00e9dagogique Des sorties \"Nature\" adapt\u00e9es au projet d'\u00e9cole Des\u00a0ateliers-animations sont organis\u00e9s pour les enfants\u00a0des \u00e9coles de Garches dans le domaine de Saint-Cloud,\u2026","rel":"","context":"Article similaire","block_context":{"text":"Article similaire","link":""},"img":{"alt_text":"Atelier Scolaire","src":"https:\/\/i0.wp.com\/www.asevegarches.fr\/blog\/wp-content\/uploads\/2015\/06\/4.Animation.4VENTS-e1447758257758.jpg?resize=350%2C200&ssl=1","width":350,"height":200},"classes":[]},{"id":492,"url":"https:\/\/www.asevegarches.fr\/blog\/sensibilisation-a-lenvironnement-2\/pedagogie\/","url_meta":{"origin":2136,"position":4},"title":"P\u00e9dagogie","author":"aseve","date":"20 juin 2015","format":false,"excerpt":"L'ASEVE reste fid\u00e8le \u00e0 son engagement de sensibilisation \u00e0 l'environnement en organisant des\u00a0ateliers-animations pour les enfants\u00a0des \u00e9coles de Garches dans le Domaine de Saint-Cloud, \u00e0 la sente Debat et au Domaine des 4 Vents. Sa d\u00e9marche p\u00e9dagogique est men\u00e9e en \u00e9troite collaboration avec les professeurs des \u00e9coles et se compose\u2026","rel":"","context":"Article similaire","block_context":{"text":"Article similaire","link":""},"img":{"alt_text":"","src":"","width":0,"height":0},"classes":[]},{"id":1694,"url":"https:\/\/www.asevegarches.fr\/blog\/demarche-pedagogique\/","url_meta":{"origin":2136,"position":5},"title":"D\u00e9marche p\u00e9dagogique","author":"aseve","date":"2 d\u00e9cembre 2015","format":false,"excerpt":"Ateliers scolaires Nos sites de d\u00e9couverte : - le Domaine de Saint-Cloud et l'\u00e9tang de Villeneuve, - le Domaine des 4 Vents \u00e0 Garches, - la sente Debat. Deux th\u00e8mes propos\u00e9s\u00a0: \u00ab\u00c0 la d\u00e9couverte de l'arbre et de son environnement\u00bb Munis d'un livret et d'un sac de cueillette, les enfants\u2026","rel":"","context":"Article similaire","block_context":{"text":"Article similaire","link":""},"img":{"alt_text":"atelierjuin2014-3","src":"https:\/\/i0.wp.com\/www.asevegarches.fr\/blog\/wp-content\/uploads\/2015\/12\/atelierjuin2014-3-300x169.jpg?resize=350%2C200&ssl=1","width":350,"height":200},"classes":[]}],"_links":{"self":[{"href":"https:\/\/www.asevegarches.fr\/blog\/wp-json\/wp\/v2\/pages\/2136","targetHints":{"allow":["GET"]}}],"collection":[{"href":"https:\/\/www.asevegarches.fr\/blog\/wp-json\/wp\/v2\/pages"}],"about":[{"href":"https:\/\/www.asevegarches.fr\/blog\/wp-json\/wp\/v2\/types\/page"}],"author":[{"embeddable":true,"href":"https:\/\/www.asevegarches.fr\/blog\/wp-json\/wp\/v2\/users\/1"}],"replies":[{"embeddable":true,"href":"https:\/\/www.asevegarches.fr\/blog\/wp-json\/wp\/v2\/comments?post=2136"}],"version-history":[{"count":2,"href":"https:\/\/www.asevegarches.fr\/blog\/wp-json\/wp\/v2\/pages\/2136\/revisions"}],"predecessor-version":[{"id":2140,"href":"https:\/\/www.asevegarches.fr\/blog\/wp-json\/wp\/v2\/pages\/2136\/revisions\/2140"}],"wp:attachment":[{"href":"https:\/\/www.asevegarches.fr\/blog\/wp-json\/wp\/v2\/media?parent=2136"}],"curies":[{"name":"wp","href":"https:\/\/api.w.org\/{rel}","templated":true}]}}