{"id":212,"date":"2015-03-10T11:13:59","date_gmt":"2015-03-10T10:13:59","guid":{"rendered":"https:\/\/www.asevegarches.fr\/blog\/?page_id=212"},"modified":"2020-01-16T14:51:25","modified_gmt":"2020-01-16T13:51:25","slug":"liens","status":"publish","type":"page","link":"https:\/\/www.asevegarches.fr\/blog\/liens\/","title":{"rendered":"Liens"},"content":{"rendered":"<p>Retrouvez les diff\u00e9rents liens class\u00e9s par cat\u00e9gorie :<\/p>\n<p><strong><span style=\"color: #99cc00;\">Villes<\/span><\/strong><br \/>\nGarches : <span style=\"text-decoration: underline;\"><strong><span style=\"color: #ca165e; text-decoration: underline;\"><a style=\"color: #ca165e; text-decoration: underline;\" href=\"http:\/\/www.ville-garches.fr\">www.ville-garches.fr<\/a><\/span><\/strong><\/span><br \/>\nVaucresson : <strong><span style=\"text-decoration: underline;\"><span style=\"color: #ca165e; text-decoration: underline;\"><a style=\"color: #ca165e; text-decoration: underline;\" href=\"http:\/\/www.vaucresson.fr\">www.vaucresson.fr<\/a><\/span><\/span><\/strong><br \/>\nSaint-Cloud : <strong><span style=\"text-decoration: underline;\"><span style=\"color: #ca165e; text-decoration: underline;\"><a style=\"color: #ca165e; text-decoration: underline;\" href=\"http:\/\/www.saintcloud.fr\">www.saintcloud.fr<\/a><\/span><\/span><\/strong><br \/>\nMarnes-la-Coquette : <strong><span style=\"text-decoration: underline;\"><span style=\"color: #ca165e; text-decoration: underline;\"><a style=\"color: #ca165e; text-decoration: underline;\" href=\"http:\/\/www.marnes-la-coquette.fr\">w<\/a><a style=\"text-decoration: underline; color: #ca165e;\" href=\"http:\/\/www.marnes-la-coquette.fr\">ww.marnes-la-coquette.fr<\/a><\/span><\/span><\/strong><\/p>\n<p><strong><span style=\"color: #99cc00;\">Environnement<\/span><\/strong><br \/>\nDomaine de Saint-Cloud : <strong><span style=\"text-decoration: underline;\"><span style=\"color: #ca165e; text-decoration: underline;\"><a style=\"color: #ca165e; text-decoration: underline;\" href=\"http:\/\/saint-cloud.monuments-nationaux.fr\"><span id=\"yui_3_10_0_1_1451494690858_127\" class=\"url\" dir=\"ltr\">www.saint-cloud.monuments-nationaux.fr<\/span><\/a><\/span><\/span><\/strong><br \/>\nEnvironnement 92 : <strong><span style=\"text-decoration: underline;\"><span style=\"color: #ca165e; text-decoration: underline;\"><a style=\"color: #ca165e; text-decoration: underline;\" href=\"http:\/\/environnement92.fr\">www.environnement92.fr<\/a><\/span><\/span><\/strong><br \/>\nIle de France Environnement : <strong><span style=\"text-decoration: underline;\"><span style=\"color: #ca165e; text-decoration: underline;\"><a style=\"color: #ca165e; text-decoration: underline;\" href=\"http:\/\/www.iledefrance.fr\/action-quotidienne\/agir-environnement\"><span class=\"url\" dir=\"ltr\">www.iledefrance.fr\/action-quotidienne\/<wbr \/>agir-environnement<\/span><\/a><\/span><\/span><\/strong><br \/>\nAIRPARIF : <strong><span style=\"text-decoration: underline;\"><span style=\"color: #ca165e; text-decoration: underline;\"><a style=\"color: #ca165e; text-decoration: underline;\" href=\"http:\/\/www.airparif.asso.fr\">www.airparif.asso.fr<\/a><\/span><\/span><\/strong><br \/>\nFrance Nature Environnement : <strong><span style=\"text-decoration: underline;\"><span style=\"color: #ca165e; text-decoration: underline;\"><a style=\"color: #ca165e; text-decoration: underline;\" href=\"http:\/\/www.fne.asso.fr\/\">www.fne.asso.fr<\/a><\/span><\/span><\/strong><br \/>\nESPACES : <span style=\"text-decoration: underline;\"><strong><span style=\"color: #ca165e; text-decoration: underline;\"><a style=\"color: #ca165e; text-decoration: underline;\" href=\"http:\/\/www.association-espaces.org\/\">www.association-espaces.org<\/a><\/span><\/strong><\/span><br \/>\nGroupe contre l&rsquo;antenne : <strong><span style=\"text-decoration: underline;\"><span style=\"color: #ca165e; text-decoration: underline;\"><a style=\"color: #ca165e; text-decoration: underline;\" href=\"http:\/\/www.agir-gsmrail.com\/\">www.agir-gsmrail.com<\/a><\/span><\/span><\/strong><br \/>\nCHARME : <a href=\"http:\/\/www.pollinis.org\/\"><strong><span style=\"text-decoration: underline;\"><span style=\"color: #ca165e; text-decoration: underline;\">http:\/\/charme92.free.fr\/actus.htm <\/span><\/span><\/strong><\/a><br \/>\nPOLINIS : <span style=\"color: #ca165e;\">\u00a0<strong><span style=\"text-decoration: underline;\">http:\/\/www.pollinis.org<\/span>\/<\/strong><\/span><\/p>\n<p><strong><span style=\"color: #99cc00;\">Loisirs<\/span><\/strong><br \/>\nRallye p\u00e9destre de Garches : <strong><span style=\"text-decoration: underline;\"><span style=\"color: #ca165e; text-decoration: underline;\"><a style=\"color: #ca165e; text-decoration: underline;\" href=\"http:\/\/rallyegarches.blogspot.fr\">www.rallyegarches.blogspot.fr<\/a><\/span><\/span><\/strong><br \/>\nHaras de Jardy : <strong><span style=\"text-decoration: underline;\"><span style=\"color: #ca165e; text-decoration: underline;\"><a style=\"color: #ca165e; text-decoration: underline;\" href=\"http:\/\/harasdejardy.com\">www.haras-de-jardy.com<\/a><\/span><\/span><\/strong><br \/>\nLes Amis du Parc de Saint-Cloud : <strong><span style=\"text-decoration: underline;\"><span style=\"color: #ca165e; text-decoration: underline;\"><a style=\"color: #ca165e; text-decoration: underline;\" href=\"http:\/\/saintcloud.free.fr\">www.saintcloud.free.fr<\/a><\/span><\/span><\/strong><br \/>\nGolf de Saint Cloud : <strong><span style=\"text-decoration: underline;\"><span style=\"color: #ca165e; text-decoration: underline;\"><a style=\"color: #ca165e; text-decoration: underline;\" href=\"http:\/\/golfdesaintcloud.com\">www.golfdesaintcloud.com<\/a><\/span><\/span><\/strong><span style=\"color: #ffffff;\">espace<\/span><\/p>\n","protected":false},"excerpt":{"rendered":"<p>Retrouvez les diff\u00e9rents liens class\u00e9s par cat\u00e9gorie : Villes Garches : www.ville-garches.fr Vaucresson : www.vaucresson.fr Saint-Cloud : www.saintcloud.fr Marnes-la-Coquette : www.marnes-la-coquette.fr Environnement Domaine de Saint-Cloud : www.saint-cloud.monuments-nationaux.fr Environnement 92 : www.environnement92.fr Ile de France Environnement : www.iledefrance.fr\/action-quotidienne\/agir-environnement AIRPARIF : www.airparif.asso.fr<\/p>\n","protected":false},"author":1,"featured_media":0,"parent":0,"menu_order":0,"comment_status":"closed","ping_status":"closed","template":"","meta":{"footnotes":""},"class_list":["post-212","page","type-page","status-publish","hentry"],"yoast_head":"<!-- This site is optimized with the Yoast SEO plugin v27.4 - https:\/\/yoast.com\/product\/yoast-seo-wordpress\/ -->\n<title>Liens - ASEVE GARCHES<\/title>\n<meta name=\"robots\" content=\"index, follow, max-snippet:-1, max-image-preview:large, max-video-preview:-1\" \/>\n<link rel=\"canonical\" href=\"https:\/\/www.asevegarches.fr\/blog\/liens\/\" \/>\n<meta property=\"og:locale\" content=\"fr_FR\" \/>\n<meta property=\"og:type\" content=\"article\" \/>\n<meta property=\"og:title\" content=\"Liens - ASEVE GARCHES\" \/>\n<meta property=\"og:description\" content=\"Retrouvez les diff\u00e9rents liens class\u00e9s par cat\u00e9gorie : Villes Garches : www.ville-garches.fr Vaucresson : www.vaucresson.fr Saint-Cloud : www.saintcloud.fr Marnes-la-Coquette : www.marnes-la-coquette.fr Environnement Domaine de Saint-Cloud : www.saint-cloud.monuments-nationaux.fr Environnement 92 : www.environnement92.fr Ile de France Environnement : www.iledefrance.fr\/action-quotidienne\/agir-environnement AIRPARIF : www.airparif.asso.fr\" \/>\n<meta property=\"og:url\" content=\"https:\/\/www.asevegarches.fr\/blog\/liens\/\" \/>\n<meta property=\"og:site_name\" content=\"ASEVE GARCHES\" \/>\n<meta property=\"article:modified_time\" content=\"2020-01-16T13:51:25+00:00\" \/>\n<meta name=\"twitter:card\" content=\"summary_large_image\" \/>\n<meta name=\"twitter:label1\" content=\"Dur\u00e9e de lecture estim\u00e9e\" \/>\n\t<meta name=\"twitter:data1\" content=\"1 minute\" \/>\n<script type=\"application\/ld+json\" class=\"yoast-schema-graph\">{\"@context\":\"https:\\\/\\\/schema.org\",\"@graph\":[{\"@type\":\"WebPage\",\"@id\":\"https:\\\/\\\/www.asevegarches.fr\\\/blog\\\/liens\\\/\",\"url\":\"https:\\\/\\\/www.asevegarches.fr\\\/blog\\\/liens\\\/\",\"name\":\"Liens - ASEVE GARCHES\",\"isPartOf\":{\"@id\":\"https:\\\/\\\/www.asevegarches.fr\\\/blog\\\/#website\"},\"datePublished\":\"2015-03-10T10:13:59+00:00\",\"dateModified\":\"2020-01-16T13:51:25+00:00\",\"breadcrumb\":{\"@id\":\"https:\\\/\\\/www.asevegarches.fr\\\/blog\\\/liens\\\/#breadcrumb\"},\"inLanguage\":\"fr-FR\",\"potentialAction\":[{\"@type\":\"ReadAction\",\"target\":[\"https:\\\/\\\/www.asevegarches.fr\\\/blog\\\/liens\\\/\"]}]},{\"@type\":\"BreadcrumbList\",\"@id\":\"https:\\\/\\\/www.asevegarches.fr\\\/blog\\\/liens\\\/#breadcrumb\",\"itemListElement\":[{\"@type\":\"ListItem\",\"position\":1,\"name\":\"Accueil\",\"item\":\"https:\\\/\\\/www.asevegarches.fr\\\/blog\\\/\"},{\"@type\":\"ListItem\",\"position\":2,\"name\":\"Liens\"}]},{\"@type\":\"WebSite\",\"@id\":\"https:\\\/\\\/www.asevegarches.fr\\\/blog\\\/#website\",\"url\":\"https:\\\/\\\/www.asevegarches.fr\\\/blog\\\/\",\"name\":\"ASEVE GARCHES\",\"description\":\"\",\"publisher\":{\"@id\":\"https:\\\/\\\/www.asevegarches.fr\\\/blog\\\/#organization\"},\"potentialAction\":[{\"@type\":\"SearchAction\",\"target\":{\"@type\":\"EntryPoint\",\"urlTemplate\":\"https:\\\/\\\/www.asevegarches.fr\\\/blog\\\/?s={search_term_string}\"},\"query-input\":{\"@type\":\"PropertyValueSpecification\",\"valueRequired\":true,\"valueName\":\"search_term_string\"}}],\"inLanguage\":\"fr-FR\"},{\"@type\":\"Organization\",\"@id\":\"https:\\\/\\\/www.asevegarches.fr\\\/blog\\\/#organization\",\"name\":\"Association de Sauvegarde des Espaces Verts et de l'Environnement\",\"alternateName\":\"ASEVE\",\"url\":\"https:\\\/\\\/www.asevegarches.fr\\\/blog\\\/\",\"logo\":{\"@type\":\"ImageObject\",\"inLanguage\":\"fr-FR\",\"@id\":\"https:\\\/\\\/www.asevegarches.fr\\\/blog\\\/#\\\/schema\\\/logo\\\/image\\\/\",\"url\":\"https:\\\/\\\/i0.wp.com\\\/www.asevegarches.fr\\\/blog\\\/wp-content\\\/uploads\\\/2022\\\/10\\\/LOGO_logo-facebook.jpg?fit=1501%2C1501\",\"contentUrl\":\"https:\\\/\\\/i0.wp.com\\\/www.asevegarches.fr\\\/blog\\\/wp-content\\\/uploads\\\/2022\\\/10\\\/LOGO_logo-facebook.jpg?fit=1501%2C1501\",\"width\":1501,\"height\":1501,\"caption\":\"Association de Sauvegarde des Espaces Verts et de l'Environnement\"},\"image\":{\"@id\":\"https:\\\/\\\/www.asevegarches.fr\\\/blog\\\/#\\\/schema\\\/logo\\\/image\\\/\"}}]}<\/script>\n<!-- \/ Yoast SEO plugin. -->","yoast_head_json":{"title":"Liens - ASEVE GARCHES","robots":{"index":"index","follow":"follow","max-snippet":"max-snippet:-1","max-image-preview":"max-image-preview:large","max-video-preview":"max-video-preview:-1"},"canonical":"https:\/\/www.asevegarches.fr\/blog\/liens\/","og_locale":"fr_FR","og_type":"article","og_title":"Liens - ASEVE GARCHES","og_description":"Retrouvez les diff\u00e9rents liens class\u00e9s par cat\u00e9gorie : Villes Garches : www.ville-garches.fr Vaucresson : www.vaucresson.fr Saint-Cloud : www.saintcloud.fr Marnes-la-Coquette : www.marnes-la-coquette.fr Environnement Domaine de Saint-Cloud : www.saint-cloud.monuments-nationaux.fr Environnement 92 : www.environnement92.fr Ile de France Environnement : www.iledefrance.fr\/action-quotidienne\/agir-environnement AIRPARIF : www.airparif.asso.fr","og_url":"https:\/\/www.asevegarches.fr\/blog\/liens\/","og_site_name":"ASEVE GARCHES","article_modified_time":"2020-01-16T13:51:25+00:00","twitter_card":"summary_large_image","twitter_misc":{"Dur\u00e9e de lecture estim\u00e9e":"1 minute"},"schema":{"@context":"https:\/\/schema.org","@graph":[{"@type":"WebPage","@id":"https:\/\/www.asevegarches.fr\/blog\/liens\/","url":"https:\/\/www.asevegarches.fr\/blog\/liens\/","name":"Liens - ASEVE GARCHES","isPartOf":{"@id":"https:\/\/www.asevegarches.fr\/blog\/#website"},"datePublished":"2015-03-10T10:13:59+00:00","dateModified":"2020-01-16T13:51:25+00:00","breadcrumb":{"@id":"https:\/\/www.asevegarches.fr\/blog\/liens\/#breadcrumb"},"inLanguage":"fr-FR","potentialAction":[{"@type":"ReadAction","target":["https:\/\/www.asevegarches.fr\/blog\/liens\/"]}]},{"@type":"BreadcrumbList","@id":"https:\/\/www.asevegarches.fr\/blog\/liens\/#breadcrumb","itemListElement":[{"@type":"ListItem","position":1,"name":"Accueil","item":"https:\/\/www.asevegarches.fr\/blog\/"},{"@type":"ListItem","position":2,"name":"Liens"}]},{"@type":"WebSite","@id":"https:\/\/www.asevegarches.fr\/blog\/#website","url":"https:\/\/www.asevegarches.fr\/blog\/","name":"ASEVE GARCHES","description":"","publisher":{"@id":"https:\/\/www.asevegarches.fr\/blog\/#organization"},"potentialAction":[{"@type":"SearchAction","target":{"@type":"EntryPoint","urlTemplate":"https:\/\/www.asevegarches.fr\/blog\/?s={search_term_string}"},"query-input":{"@type":"PropertyValueSpecification","valueRequired":true,"valueName":"search_term_string"}}],"inLanguage":"fr-FR"},{"@type":"Organization","@id":"https:\/\/www.asevegarches.fr\/blog\/#organization","name":"Association de Sauvegarde des Espaces Verts et de l'Environnement","alternateName":"ASEVE","url":"https:\/\/www.asevegarches.fr\/blog\/","logo":{"@type":"ImageObject","inLanguage":"fr-FR","@id":"https:\/\/www.asevegarches.fr\/blog\/#\/schema\/logo\/image\/","url":"https:\/\/i0.wp.com\/www.asevegarches.fr\/blog\/wp-content\/uploads\/2022\/10\/LOGO_logo-facebook.jpg?fit=1501%2C1501","contentUrl":"https:\/\/i0.wp.com\/www.asevegarches.fr\/blog\/wp-content\/uploads\/2022\/10\/LOGO_logo-facebook.jpg?fit=1501%2C1501","width":1501,"height":1501,"caption":"Association de Sauvegarde des Espaces Verts et de l'Environnement"},"image":{"@id":"https:\/\/www.asevegarches.fr\/blog\/#\/schema\/logo\/image\/"}}]}},"jetpack_sharing_enabled":true,"jetpack_shortlink":"https:\/\/wp.me\/P6YGVC-3q","jetpack-related-posts":[{"id":98,"url":"https:\/\/www.asevegarches.fr\/blog\/aide-wordpress\/","url_meta":{"origin":212,"position":0},"title":"Aide WordPress","author":"aseve","date":"23 novembre 2014","format":false,"excerpt":"Liens sur des pages de tutoriaux gratuits sur Wordpress http:\/\/www.netpublic.fr\/2011\/01\/tutoriel-wordpress-65-tutoriels-wordpress-gratuits\/ http:\/\/fr.openclassrooms.com\/informatique\/cours\/deployez-votre-site-avec-wordpress http:\/\/www.w3schools.com\/tags\/att_font_size.asp \u00a0 \u00a0 \u00a0","rel":"","context":"Article similaire","block_context":{"text":"Article similaire","link":""},"img":{"alt_text":"","src":"","width":0,"height":0},"classes":[]}],"_links":{"self":[{"href":"https:\/\/www.asevegarches.fr\/blog\/wp-json\/wp\/v2\/pages\/212","targetHints":{"allow":["GET"]}}],"collection":[{"href":"https:\/\/www.asevegarches.fr\/blog\/wp-json\/wp\/v2\/pages"}],"about":[{"href":"https:\/\/www.asevegarches.fr\/blog\/wp-json\/wp\/v2\/types\/page"}],"author":[{"embeddable":true,"href":"https:\/\/www.asevegarches.fr\/blog\/wp-json\/wp\/v2\/users\/1"}],"replies":[{"embeddable":true,"href":"https:\/\/www.asevegarches.fr\/blog\/wp-json\/wp\/v2\/comments?post=212"}],"version-history":[{"count":27,"href":"https:\/\/www.asevegarches.fr\/blog\/wp-json\/wp\/v2\/pages\/212\/revisions"}],"predecessor-version":[{"id":2828,"href":"https:\/\/www.asevegarches.fr\/blog\/wp-json\/wp\/v2\/pages\/212\/revisions\/2828"}],"wp:attachment":[{"href":"https:\/\/www.asevegarches.fr\/blog\/wp-json\/wp\/v2\/media?parent=212"}],"curies":[{"name":"wp","href":"https:\/\/api.w.org\/{rel}","templated":true}]}}