{"id":209,"date":"2015-03-10T11:13:01","date_gmt":"2015-03-10T10:13:01","guid":{"rendered":"https:\/\/www.asevegarches.fr\/blog\/?page_id=209"},"modified":"2015-12-03T11:59:01","modified_gmt":"2015-12-03T10:59:01","slug":"dev-durable","status":"publish","type":"page","link":"https:\/\/www.asevegarches.fr\/blog\/dev-durable\/","title":{"rendered":"R\u00f4le de facilitateur"},"content":{"rendered":"<h3>Forte de son tissu relationnel, l&rsquo;ASEVE pr\u00e9conise, \u00e0 l&rsquo;attention de<strong>\u00a0<\/strong>ses adh\u00e9rents, des associations, des collectivit\u00e9s et des entreprises susceptibles de les aider dans la protection de leur environnement.<\/h3>\n<ul>\n<li><span style=\"line-height: 13px;\">Elle <strong>a mis en relation<\/strong> la Mairie et\u00a0l\u2019association\u00a0ESPACES pour la r\u00e9alisation de l&rsquo;\u00e9tude sur la biodiversit\u00e9\u00a0\u00e0 Garches et pour mener une \u00e9tude sur les arbres\u00a0remarquables\u00a0et structurants de cette commune.<\/span><\/li>\n<\/ul>\n<ul>\n<li>Elle <strong>aide<\/strong> les propri\u00e9taires \u00e0 r\u00e9soudre les probl\u00e8mes de voisinage engendr\u00e9s par la pousse des arbres (projet de la Verboise).<\/li>\n<\/ul>\n<ul>\n<li>Elle a permis \u00e0 l\u2019association du golf de Saint-Cloud d&rsquo;entrer en relation avec M. Baraton, jardinier en chef du Domaine de Versailles, pour un \u00e9change en vue de la gestion des arbres.<\/li>\n<\/ul>\n<ul>\n<li>Elle <strong>met \u00e0 la disposition<\/strong> des Garchois, via le site de la Ville, des \u00e9tudes :<br \/>\n&#8211; sur les arbres remarquables et structurants,<br \/>\n&#8211; sur la biodiversit\u00e9.<\/li>\n<\/ul>\n<p><strong><span style=\"text-decoration: underline;\"><span style=\"color: #ca165e;\"><a style=\"color: #ca165e; text-decoration: underline;\" href=\"https:\/\/www.asevegarches.fr\/blog\/contact2\/\">Contactez-nous<\/a><\/span><\/span><\/strong><\/p>\n","protected":false},"excerpt":{"rendered":"<p>Forte de son tissu relationnel, l&rsquo;ASEVE pr\u00e9conise, \u00e0 l&rsquo;attention de\u00a0ses adh\u00e9rents, des associations, des collectivit\u00e9s et des entreprises susceptibles de les aider dans la protection de leur environnement. Elle a mis en relation la Mairie et\u00a0l\u2019association\u00a0ESPACES pour la r\u00e9alisation de<\/p>\n","protected":false},"author":1,"featured_media":0,"parent":0,"menu_order":0,"comment_status":"closed","ping_status":"closed","template":"","meta":{"footnotes":""},"class_list":["post-209","page","type-page","status-publish","hentry"],"yoast_head":"<!-- This site is optimized with the Yoast SEO plugin v27.3 - https:\/\/yoast.com\/product\/yoast-seo-wordpress\/ -->\n<title>R\u00f4le de facilitateur - ASEVE GARCHES<\/title>\n<meta name=\"robots\" content=\"index, follow, max-snippet:-1, max-image-preview:large, max-video-preview:-1\" \/>\n<link rel=\"canonical\" href=\"https:\/\/www.asevegarches.fr\/blog\/dev-durable\/\" \/>\n<meta property=\"og:locale\" content=\"fr_FR\" \/>\n<meta property=\"og:type\" content=\"article\" \/>\n<meta property=\"og:title\" content=\"R\u00f4le de facilitateur - ASEVE GARCHES\" \/>\n<meta property=\"og:description\" content=\"Forte de son tissu relationnel, l&rsquo;ASEVE pr\u00e9conise, \u00e0 l&rsquo;attention de\u00a0ses adh\u00e9rents, des associations, des collectivit\u00e9s et des entreprises susceptibles de les aider dans la protection de leur environnement. Elle a mis en relation la Mairie et\u00a0l\u2019association\u00a0ESPACES pour la r\u00e9alisation de\" \/>\n<meta property=\"og:url\" content=\"https:\/\/www.asevegarches.fr\/blog\/dev-durable\/\" \/>\n<meta property=\"og:site_name\" content=\"ASEVE GARCHES\" \/>\n<meta property=\"article:modified_time\" content=\"2015-12-03T10:59:01+00:00\" \/>\n<meta name=\"twitter:card\" content=\"summary_large_image\" \/>\n<meta name=\"twitter:label1\" content=\"Dur\u00e9e de lecture estim\u00e9e\" \/>\n\t<meta name=\"twitter:data1\" content=\"1 minute\" \/>\n<script type=\"application\/ld+json\" class=\"yoast-schema-graph\">{\"@context\":\"https:\\\/\\\/schema.org\",\"@graph\":[{\"@type\":\"WebPage\",\"@id\":\"https:\\\/\\\/www.asevegarches.fr\\\/blog\\\/dev-durable\\\/\",\"url\":\"https:\\\/\\\/www.asevegarches.fr\\\/blog\\\/dev-durable\\\/\",\"name\":\"R\u00f4le de facilitateur - ASEVE GARCHES\",\"isPartOf\":{\"@id\":\"https:\\\/\\\/www.asevegarches.fr\\\/blog\\\/#website\"},\"datePublished\":\"2015-03-10T10:13:01+00:00\",\"dateModified\":\"2015-12-03T10:59:01+00:00\",\"breadcrumb\":{\"@id\":\"https:\\\/\\\/www.asevegarches.fr\\\/blog\\\/dev-durable\\\/#breadcrumb\"},\"inLanguage\":\"fr-FR\",\"potentialAction\":[{\"@type\":\"ReadAction\",\"target\":[\"https:\\\/\\\/www.asevegarches.fr\\\/blog\\\/dev-durable\\\/\"]}]},{\"@type\":\"BreadcrumbList\",\"@id\":\"https:\\\/\\\/www.asevegarches.fr\\\/blog\\\/dev-durable\\\/#breadcrumb\",\"itemListElement\":[{\"@type\":\"ListItem\",\"position\":1,\"name\":\"Accueil\",\"item\":\"https:\\\/\\\/www.asevegarches.fr\\\/blog\\\/\"},{\"@type\":\"ListItem\",\"position\":2,\"name\":\"R\u00f4le de facilitateur\"}]},{\"@type\":\"WebSite\",\"@id\":\"https:\\\/\\\/www.asevegarches.fr\\\/blog\\\/#website\",\"url\":\"https:\\\/\\\/www.asevegarches.fr\\\/blog\\\/\",\"name\":\"ASEVE GARCHES\",\"description\":\"\",\"publisher\":{\"@id\":\"https:\\\/\\\/www.asevegarches.fr\\\/blog\\\/#organization\"},\"potentialAction\":[{\"@type\":\"SearchAction\",\"target\":{\"@type\":\"EntryPoint\",\"urlTemplate\":\"https:\\\/\\\/www.asevegarches.fr\\\/blog\\\/?s={search_term_string}\"},\"query-input\":{\"@type\":\"PropertyValueSpecification\",\"valueRequired\":true,\"valueName\":\"search_term_string\"}}],\"inLanguage\":\"fr-FR\"},{\"@type\":\"Organization\",\"@id\":\"https:\\\/\\\/www.asevegarches.fr\\\/blog\\\/#organization\",\"name\":\"Association de Sauvegarde des Espaces Verts et de l'Environnement\",\"alternateName\":\"ASEVE\",\"url\":\"https:\\\/\\\/www.asevegarches.fr\\\/blog\\\/\",\"logo\":{\"@type\":\"ImageObject\",\"inLanguage\":\"fr-FR\",\"@id\":\"https:\\\/\\\/www.asevegarches.fr\\\/blog\\\/#\\\/schema\\\/logo\\\/image\\\/\",\"url\":\"https:\\\/\\\/i0.wp.com\\\/www.asevegarches.fr\\\/blog\\\/wp-content\\\/uploads\\\/2022\\\/10\\\/LOGO_logo-facebook.jpg?fit=1501%2C1501\",\"contentUrl\":\"https:\\\/\\\/i0.wp.com\\\/www.asevegarches.fr\\\/blog\\\/wp-content\\\/uploads\\\/2022\\\/10\\\/LOGO_logo-facebook.jpg?fit=1501%2C1501\",\"width\":1501,\"height\":1501,\"caption\":\"Association de Sauvegarde des Espaces Verts et de l'Environnement\"},\"image\":{\"@id\":\"https:\\\/\\\/www.asevegarches.fr\\\/blog\\\/#\\\/schema\\\/logo\\\/image\\\/\"}}]}<\/script>\n<!-- \/ Yoast SEO plugin. -->","yoast_head_json":{"title":"R\u00f4le de facilitateur - ASEVE GARCHES","robots":{"index":"index","follow":"follow","max-snippet":"max-snippet:-1","max-image-preview":"max-image-preview:large","max-video-preview":"max-video-preview:-1"},"canonical":"https:\/\/www.asevegarches.fr\/blog\/dev-durable\/","og_locale":"fr_FR","og_type":"article","og_title":"R\u00f4le de facilitateur - ASEVE GARCHES","og_description":"Forte de son tissu relationnel, l&rsquo;ASEVE pr\u00e9conise, \u00e0 l&rsquo;attention de\u00a0ses adh\u00e9rents, des associations, des collectivit\u00e9s et des entreprises susceptibles de les aider dans la protection de leur environnement. Elle a mis en relation la Mairie et\u00a0l\u2019association\u00a0ESPACES pour la r\u00e9alisation de","og_url":"https:\/\/www.asevegarches.fr\/blog\/dev-durable\/","og_site_name":"ASEVE GARCHES","article_modified_time":"2015-12-03T10:59:01+00:00","twitter_card":"summary_large_image","twitter_misc":{"Dur\u00e9e de lecture estim\u00e9e":"1 minute"},"schema":{"@context":"https:\/\/schema.org","@graph":[{"@type":"WebPage","@id":"https:\/\/www.asevegarches.fr\/blog\/dev-durable\/","url":"https:\/\/www.asevegarches.fr\/blog\/dev-durable\/","name":"R\u00f4le de facilitateur - ASEVE GARCHES","isPartOf":{"@id":"https:\/\/www.asevegarches.fr\/blog\/#website"},"datePublished":"2015-03-10T10:13:01+00:00","dateModified":"2015-12-03T10:59:01+00:00","breadcrumb":{"@id":"https:\/\/www.asevegarches.fr\/blog\/dev-durable\/#breadcrumb"},"inLanguage":"fr-FR","potentialAction":[{"@type":"ReadAction","target":["https:\/\/www.asevegarches.fr\/blog\/dev-durable\/"]}]},{"@type":"BreadcrumbList","@id":"https:\/\/www.asevegarches.fr\/blog\/dev-durable\/#breadcrumb","itemListElement":[{"@type":"ListItem","position":1,"name":"Accueil","item":"https:\/\/www.asevegarches.fr\/blog\/"},{"@type":"ListItem","position":2,"name":"R\u00f4le de facilitateur"}]},{"@type":"WebSite","@id":"https:\/\/www.asevegarches.fr\/blog\/#website","url":"https:\/\/www.asevegarches.fr\/blog\/","name":"ASEVE GARCHES","description":"","publisher":{"@id":"https:\/\/www.asevegarches.fr\/blog\/#organization"},"potentialAction":[{"@type":"SearchAction","target":{"@type":"EntryPoint","urlTemplate":"https:\/\/www.asevegarches.fr\/blog\/?s={search_term_string}"},"query-input":{"@type":"PropertyValueSpecification","valueRequired":true,"valueName":"search_term_string"}}],"inLanguage":"fr-FR"},{"@type":"Organization","@id":"https:\/\/www.asevegarches.fr\/blog\/#organization","name":"Association de Sauvegarde des Espaces Verts et de l'Environnement","alternateName":"ASEVE","url":"https:\/\/www.asevegarches.fr\/blog\/","logo":{"@type":"ImageObject","inLanguage":"fr-FR","@id":"https:\/\/www.asevegarches.fr\/blog\/#\/schema\/logo\/image\/","url":"https:\/\/i0.wp.com\/www.asevegarches.fr\/blog\/wp-content\/uploads\/2022\/10\/LOGO_logo-facebook.jpg?fit=1501%2C1501","contentUrl":"https:\/\/i0.wp.com\/www.asevegarches.fr\/blog\/wp-content\/uploads\/2022\/10\/LOGO_logo-facebook.jpg?fit=1501%2C1501","width":1501,"height":1501,"caption":"Association de Sauvegarde des Espaces Verts et de l'Environnement"},"image":{"@id":"https:\/\/www.asevegarches.fr\/blog\/#\/schema\/logo\/image\/"}}]}},"jetpack_sharing_enabled":true,"jetpack_shortlink":"https:\/\/wp.me\/P6YGVC-3n","jetpack-related-posts":[{"id":204,"url":"https:\/\/www.asevegarches.fr\/blog\/nos-actions\/","url_meta":{"origin":209,"position":0},"title":"Nos actions","author":"aseve","date":"10 mars 2015","format":false,"excerpt":"Fond\u00e9e en 1970, l\u2019ASEVE (Association pour la Sauvegarde des Espaces Verts et de l\u2019Environnement) s\u2019adresse \u00e0 des publics tr\u00e8s divers et concentre ses activit\u00e9s sur trois axes principaux : La protection du cadre de vie et de l'environnement La sensibilisation des jeunes et des adultes au d\u00e9veloppement durable et \u00e0\u2026","rel":"","context":"Article similaire","block_context":{"text":"Article similaire","link":""},"img":{"alt_text":"Villeneuve","src":"https:\/\/i0.wp.com\/www.asevegarches.fr\/blog\/wp-content\/uploads\/2015\/09\/Villeneuve-300x204.jpg?resize=350%2C200&ssl=1","width":350,"height":200},"classes":[]},{"id":170,"url":"https:\/\/www.asevegarches.fr\/blog\/presentation\/historique\/","url_meta":{"origin":209,"position":1},"title":"Historique","author":"aseve","date":"20 f\u00e9vrier 2015","format":false,"excerpt":"\u00a0 Fond\u00e9e en 1970, l\u2019ASEVE (Association pour la Sauvegarde des Espaces Verts et de l\u2019Environnement) a pour but : - de prot\u00e9ger le cadre de vie et l'environnement, - de sensibiliser les jeunes et les adultes \u00e0 l'environnement, - de jouer un r\u00f4le de facilitateur et d'interm\u00e9diaire entre particuliers, associations,\u2026","rel":"","context":"Article similaire","block_context":{"text":"Article similaire","link":""},"img":{"alt_text":"Villeneuve","src":"https:\/\/i0.wp.com\/www.asevegarches.fr\/blog\/wp-content\/uploads\/2015\/09\/Villeneuve-300x204.jpg?resize=350%2C200&ssl=1","width":350,"height":200},"classes":[]},{"id":420,"url":"https:\/\/www.asevegarches.fr\/blog\/sensibilisation-a-lenvironnement-2\/","url_meta":{"origin":209,"position":2},"title":"Sensibilisation \u00e0 l&rsquo;environnement","author":"aseve","date":"13 mai 2015","format":false,"excerpt":"C\u2019est l\u2019une des missions essentielles de l\u2019ASEVE. Les moyens mis en \u0153uvre s\u2019adressent : aux enfants,\u00a0pour former les futurs \"\u00e9co-citoyens\", au grand public. POUR LES ENFANTS Notre d\u00e9marche p\u00e9dagogique Des sorties \"Nature\" adapt\u00e9es au projet d'\u00e9cole Des\u00a0ateliers-animations sont organis\u00e9s pour les enfants\u00a0des \u00e9coles de Garches dans le domaine de Saint-Cloud,\u2026","rel":"","context":"Article similaire","block_context":{"text":"Article similaire","link":""},"img":{"alt_text":"Atelier Scolaire","src":"https:\/\/i0.wp.com\/www.asevegarches.fr\/blog\/wp-content\/uploads\/2015\/06\/4.Animation.4VENTS-e1447758257758.jpg?resize=350%2C200&ssl=1","width":350,"height":200},"classes":[]},{"id":207,"url":"https:\/\/www.asevegarches.fr\/blog\/pedagogie\/","url_meta":{"origin":209,"position":3},"title":"Protection et am\u00e9nagement du cadre de vie","author":"aseve","date":"10 mars 2015","format":false,"excerpt":"La commune de Garches est occup\u00e9e \u00e0 55 % de sa superficie par des\u00a0espaces verts priv\u00e9s ou publics. Elle est entour\u00e9e d'espaces bois\u00e9s importants : le\u00a0Parc de Saint-Cloud, le Golf de Saint-Cloud,\u00a0le bois de Saint-Cucufa, la for\u00eat de Fausses-Reposes. Ce cadre de vie remarquable offre un environnement de qualit\u00e9 qui\u2026","rel":"","context":"Article similaire","block_context":{"text":"Article similaire","link":""},"img":{"alt_text":"","src":"https:\/\/i0.wp.com\/www.asevegarches.fr\/blog\/wp-content\/uploads\/2015\/09\/Rue-des-Mar%C3%A9chaux-300x202.jpg?resize=350%2C200&ssl=1","width":350,"height":200},"classes":[]},{"id":492,"url":"https:\/\/www.asevegarches.fr\/blog\/sensibilisation-a-lenvironnement-2\/pedagogie\/","url_meta":{"origin":209,"position":4},"title":"P\u00e9dagogie","author":"aseve","date":"20 juin 2015","format":false,"excerpt":"L'ASEVE reste fid\u00e8le \u00e0 son engagement de sensibilisation \u00e0 l'environnement en organisant des\u00a0ateliers-animations pour les enfants\u00a0des \u00e9coles de Garches dans le Domaine de Saint-Cloud, \u00e0 la sente Debat et au Domaine des 4 Vents. Sa d\u00e9marche p\u00e9dagogique est men\u00e9e en \u00e9troite collaboration avec les professeurs des \u00e9coles et se compose\u2026","rel":"","context":"Article similaire","block_context":{"text":"Article similaire","link":""},"img":{"alt_text":"","src":"","width":0,"height":0},"classes":[]},{"id":1694,"url":"https:\/\/www.asevegarches.fr\/blog\/demarche-pedagogique\/","url_meta":{"origin":209,"position":5},"title":"D\u00e9marche p\u00e9dagogique","author":"aseve","date":"2 d\u00e9cembre 2015","format":false,"excerpt":"Ateliers scolaires Nos sites de d\u00e9couverte : - le Domaine de Saint-Cloud et l'\u00e9tang de Villeneuve, - le Domaine des 4 Vents \u00e0 Garches, - la sente Debat. Deux th\u00e8mes propos\u00e9s\u00a0: \u00ab\u00c0 la d\u00e9couverte de l'arbre et de son environnement\u00bb Munis d'un livret et d'un sac de cueillette, les enfants\u2026","rel":"","context":"Article similaire","block_context":{"text":"Article similaire","link":""},"img":{"alt_text":"atelierjuin2014-3","src":"https:\/\/i0.wp.com\/www.asevegarches.fr\/blog\/wp-content\/uploads\/2015\/12\/atelierjuin2014-3-300x169.jpg?resize=350%2C200&ssl=1","width":350,"height":200},"classes":[]}],"_links":{"self":[{"href":"https:\/\/www.asevegarches.fr\/blog\/wp-json\/wp\/v2\/pages\/209","targetHints":{"allow":["GET"]}}],"collection":[{"href":"https:\/\/www.asevegarches.fr\/blog\/wp-json\/wp\/v2\/pages"}],"about":[{"href":"https:\/\/www.asevegarches.fr\/blog\/wp-json\/wp\/v2\/types\/page"}],"author":[{"embeddable":true,"href":"https:\/\/www.asevegarches.fr\/blog\/wp-json\/wp\/v2\/users\/1"}],"replies":[{"embeddable":true,"href":"https:\/\/www.asevegarches.fr\/blog\/wp-json\/wp\/v2\/comments?post=209"}],"version-history":[{"count":20,"href":"https:\/\/www.asevegarches.fr\/blog\/wp-json\/wp\/v2\/pages\/209\/revisions"}],"predecessor-version":[{"id":1665,"href":"https:\/\/www.asevegarches.fr\/blog\/wp-json\/wp\/v2\/pages\/209\/revisions\/1665"}],"wp:attachment":[{"href":"https:\/\/www.asevegarches.fr\/blog\/wp-json\/wp\/v2\/media?parent=209"}],"curies":[{"name":"wp","href":"https:\/\/api.w.org\/{rel}","templated":true}]}}