{"id":1694,"date":"2015-12-02T15:00:32","date_gmt":"2015-12-02T14:00:32","guid":{"rendered":"https:\/\/www.asevegarches.fr\/blog\/?page_id=1694"},"modified":"2020-01-16T14:06:07","modified_gmt":"2020-01-16T13:06:07","slug":"demarche-pedagogique","status":"publish","type":"page","link":"https:\/\/www.asevegarches.fr\/blog\/demarche-pedagogique\/","title":{"rendered":"D\u00e9marche p\u00e9dagogique"},"content":{"rendered":"<p><strong>Ateliers scolaires<\/strong><\/p>\n<p><span style=\"text-decoration: underline;\">Nos sites de d\u00e9couverte<\/span> :<\/p>\n<p>&#8211; le Domaine de Saint-Cloud et l&rsquo;\u00e9tang de Villeneuve,<\/p>\n<p>&#8211; le Domaine des 4 Vents \u00e0 Garches,<\/p>\n<p>&#8211; la sente Debat.<\/p>\n<p><span style=\"text-decoration: underline;\">Deux th\u00e8mes propos\u00e9s<\/span>\u00a0:<\/p>\n<h3><span style=\"color: #8ec81e;\"><strong>\u00ab\u00c0 la d\u00e9couverte de l&rsquo;arbre et de son environnement\u00bb<\/strong><\/span><\/h3>\n<p><a href=\"https:\/\/www.asevegarches.fr\/blog\/wp-content\/uploads\/2015\/12\/atelierjuin2014-3.jpg\"><img loading=\"lazy\" decoding=\"async\" data-attachment-id=\"1834\" data-permalink=\"https:\/\/www.asevegarches.fr\/blog\/demarche-pedagogique\/atelierjuin2014-3\/\" data-orig-file=\"https:\/\/www.asevegarches.fr\/blog\/wp-content\/uploads\/2015\/12\/atelierjuin2014-3.jpg\" data-orig-size=\"480,270\" data-comments-opened=\"1\" data-image-meta=\"{&quot;aperture&quot;:&quot;3.3&quot;,&quot;credit&quot;:&quot;Picasa&quot;,&quot;camera&quot;:&quot;DMC-TZ3&quot;,&quot;caption&quot;:&quot;&quot;,&quot;created_timestamp&quot;:&quot;1401719964&quot;,&quot;copyright&quot;:&quot;&quot;,&quot;focal_length&quot;:&quot;4.6&quot;,&quot;iso&quot;:&quot;100&quot;,&quot;shutter_speed&quot;:&quot;0.02&quot;,&quot;title&quot;:&quot;&quot;,&quot;orientation&quot;:&quot;0&quot;}\" data-image-title=\"atelierjuin2014-3\" data-image-description=\"\" data-image-caption=\"\" data-large-file=\"https:\/\/www.asevegarches.fr\/blog\/wp-content\/uploads\/2015\/12\/atelierjuin2014-3.jpg\" class=\"wp-image-1834 alignleft\" src=\"https:\/\/www.asevegarches.fr\/blog\/wp-content\/uploads\/2015\/12\/atelierjuin2014-3-300x169.jpg\" alt=\"atelierjuin2014-3\" width=\"249\" height=\"140\" srcset=\"https:\/\/www.asevegarches.fr\/blog\/wp-content\/uploads\/2015\/12\/atelierjuin2014-3-300x169.jpg 300w, https:\/\/www.asevegarches.fr\/blog\/wp-content\/uploads\/2015\/12\/atelierjuin2014-3-150x84.jpg 150w, https:\/\/www.asevegarches.fr\/blog\/wp-content\/uploads\/2015\/12\/atelierjuin2014-3-400x225.jpg 400w, https:\/\/www.asevegarches.fr\/blog\/wp-content\/uploads\/2015\/12\/atelierjuin2014-3.jpg 480w\" sizes=\"auto, (max-width: 249px) 100vw, 249px\" \/><\/a>Munis d&rsquo;un livret et d&rsquo;un sac de cueillette, les enfants partent, en petits groupes, observer les arbres selon des th\u00e9matiques \u00e9volutives au fil des saisons et adapt\u00e9es \u00e0 chaque niveau de classe : feuilles et fleurs, graines et fruits, bois et \u00e9corces, photosynth\u00e8se&#8230;<\/p>\n<p><strong>Objectif<\/strong> : apprendre aux enfants \u00e0 d\u00e9terminer l&rsquo;\u00e2ge de l&rsquo;arbre, \u00e0 retracer sa croissance v\u00e9g\u00e9tale, \u00e0 comparer ou identifier les diff\u00e9rentes esp\u00e8ces.<\/p>\n<h3><span style=\"color: #8ec81e;\"><strong>\u00abLa biodiversit\u00e9\u00bb<\/strong><\/span><\/h3>\n<p>L&rsquo;\u00e9tang de Villeneuve dans le Domaine de Saint-Cloud pr\u00e9sente de nombreuses esp\u00e8ces de poissons et d&rsquo;oiseaux et une diversit\u00e9 importante de plantes aquatiques et d&rsquo;arbres. En petits groupes, les enfants partent \u00e0 la d\u00e9couverte de cette faune et de cette flore.<\/p>\n<p>Ce th\u00e8me de la biodiversit\u00e9 peut aussi \u00eatre trait\u00e9 sur les autres sites.<\/p>\n<p><strong> Objectif<\/strong>\u00a0: initier les enfants \u00e0 une d\u00e9marche d&rsquo;observation et leur faire d\u00e9couvrir l&rsquo;importance de l&rsquo;environnement et du d\u00e9veloppement durable.<\/p>\n<p>&nbsp;<\/p>\n<p>Afin de mieux sensibiliser les enfants et \u00eatre fid\u00e8les au projet d&rsquo;\u00e9cole, les ateliers peuvent se\u00a0faire en plusieurs \u00e9tapes\u00a0:<\/p>\n<ul>\n<li>une pr\u00e9sentation en classe du futur atelier (cahier d&rsquo;exp\u00e9rience, mat\u00e9riel&#8230;),<a href=\"https:\/\/www.asevegarches.fr\/blog\/wp-content\/uploads\/2015\/12\/scolairesmai20154vents-e1449247246884.jpg\"><img loading=\"lazy\" decoding=\"async\" data-attachment-id=\"1835\" data-permalink=\"https:\/\/www.asevegarches.fr\/blog\/demarche-pedagogique\/scolairesmai20154vents\/\" data-orig-file=\"https:\/\/www.asevegarches.fr\/blog\/wp-content\/uploads\/2015\/12\/scolairesmai20154vents-e1449247246884.jpg\" data-orig-size=\"2448,3264\" data-comments-opened=\"1\" data-image-meta=\"{&quot;aperture&quot;:&quot;2.4&quot;,&quot;credit&quot;:&quot;&quot;,&quot;camera&quot;:&quot;iPad Air 2&quot;,&quot;caption&quot;:&quot;&quot;,&quot;created_timestamp&quot;:&quot;1431947698&quot;,&quot;copyright&quot;:&quot;&quot;,&quot;focal_length&quot;:&quot;3.3&quot;,&quot;iso&quot;:&quot;25&quot;,&quot;shutter_speed&quot;:&quot;0.0017667844522968&quot;,&quot;title&quot;:&quot;&quot;,&quot;orientation&quot;:&quot;6&quot;}\" data-image-title=\"scolairesmai20154vents\" data-image-description=\"\" data-image-caption=\"\" data-large-file=\"https:\/\/www.asevegarches.fr\/blog\/wp-content\/uploads\/2015\/12\/scolairesmai20154vents-e1449247246884-768x1024.jpg\" class=\" wp-image-1835 alignright\" src=\"https:\/\/www.asevegarches.fr\/blog\/wp-content\/uploads\/2015\/12\/scolairesmai20154vents-e1449247246884-225x300.jpg\" alt=\"scolairesmai20154vents\" width=\"170\" height=\"228\" srcset=\"https:\/\/www.asevegarches.fr\/blog\/wp-content\/uploads\/2015\/12\/scolairesmai20154vents-e1449247246884-225x300.jpg 225w, https:\/\/www.asevegarches.fr\/blog\/wp-content\/uploads\/2015\/12\/scolairesmai20154vents-e1449247246884-768x1024.jpg 768w, https:\/\/www.asevegarches.fr\/blog\/wp-content\/uploads\/2015\/12\/scolairesmai20154vents-e1449247246884-400x533.jpg 400w\" sizes=\"auto, (max-width: 170px) 100vw, 170px\" \/><\/a><\/li>\n<li>un atelier sur le site choisi,<\/li>\n<li>un suivi\u00a0en fonction de la demande.<\/li>\n<\/ul>\n<p>Ainsi, une classe de CE1 a fait un atelier, puis a particip\u00e9 \u00e0 un concours photo et a finalement plant\u00e9 un \u00e9rable champ\u00eatre au Domaine des 4 Vents.<\/p>\n<p><span style=\"text-decoration: underline; color: #ca165e;\"><strong><a style=\"color: #ca165e; text-decoration: underline;\" href=\"https:\/\/www.asevegarches.fr\/blog\/contact2\/\">Contactez-nous<\/a><\/strong><\/span> afin d&rsquo;inclure un atelier \u00abArbre\u00bb ou \u00abBiodiversit\u00e9\u00bb dans votre projet p\u00e9dagogique.<\/p>\n<p>Tarif de l&rsquo;atelier in situ : 2 \u20ac par enfant<\/p>\n<p>Pr\u00e9sentation en classe\u00a0: 1 \u20ac par enfant<\/p>\n<p style=\"text-align: center;\"><span style=\"color: #ca165e;\"><a href=\"https:\/\/www.asevegarches.fr\/blog\/wp-content\/uploads\/2015\/03\/icone-mail.png\"><img loading=\"lazy\" decoding=\"async\" data-attachment-id=\"1035\" data-permalink=\"https:\/\/www.asevegarches.fr\/blog\/icone-mail\/\" data-orig-file=\"https:\/\/www.asevegarches.fr\/blog\/wp-content\/uploads\/2015\/03\/icone-mail.png\" data-orig-size=\"46,48\" data-comments-opened=\"1\" data-image-meta=\"{&quot;aperture&quot;:&quot;0&quot;,&quot;credit&quot;:&quot;&quot;,&quot;camera&quot;:&quot;&quot;,&quot;caption&quot;:&quot;&quot;,&quot;created_timestamp&quot;:&quot;0&quot;,&quot;copyright&quot;:&quot;&quot;,&quot;focal_length&quot;:&quot;0&quot;,&quot;iso&quot;:&quot;0&quot;,&quot;shutter_speed&quot;:&quot;0&quot;,&quot;title&quot;:&quot;&quot;}\" data-image-title=\"icone-mail\" data-image-description=\"\" data-image-caption=\"\" data-large-file=\"https:\/\/www.asevegarches.fr\/blog\/wp-content\/uploads\/2015\/03\/icone-mail.png\" class=\"alignnone wp-image-1035\" src=\"https:\/\/www.asevegarches.fr\/blog\/wp-content\/uploads\/2015\/03\/icone-mail.png\" alt=\"icone-mail\" width=\"30\" height=\"31\" \/><\/a> aseve.garches@gmail.com <\/span><\/p>\n","protected":false},"excerpt":{"rendered":"<p>Ateliers scolaires Nos sites de d\u00e9couverte : &#8211; le Domaine de Saint-Cloud et l&rsquo;\u00e9tang de Villeneuve, &#8211; le Domaine des 4 Vents \u00e0 Garches, &#8211; la sente Debat. Deux th\u00e8mes propos\u00e9s\u00a0: \u00ab\u00c0 la d\u00e9couverte de l&rsquo;arbre et de son environnement\u00bb<\/p>\n","protected":false},"author":1,"featured_media":0,"parent":0,"menu_order":0,"comment_status":"closed","ping_status":"closed","template":"","meta":{"footnotes":""},"class_list":["post-1694","page","type-page","status-publish","hentry"],"yoast_head":"<!-- This site is optimized with the Yoast SEO plugin v27.4 - https:\/\/yoast.com\/product\/yoast-seo-wordpress\/ -->\n<title>D\u00e9marche p\u00e9dagogique - ASEVE GARCHES<\/title>\n<meta name=\"robots\" content=\"index, follow, max-snippet:-1, max-image-preview:large, max-video-preview:-1\" \/>\n<link rel=\"canonical\" href=\"https:\/\/www.asevegarches.fr\/blog\/demarche-pedagogique\/\" \/>\n<meta property=\"og:locale\" content=\"fr_FR\" \/>\n<meta property=\"og:type\" content=\"article\" \/>\n<meta property=\"og:title\" content=\"D\u00e9marche p\u00e9dagogique - ASEVE GARCHES\" \/>\n<meta property=\"og:description\" content=\"Ateliers scolaires Nos sites de d\u00e9couverte : &#8211; le Domaine de Saint-Cloud et l&rsquo;\u00e9tang de Villeneuve, &#8211; le Domaine des 4 Vents \u00e0 Garches, &#8211; la sente Debat. Deux th\u00e8mes propos\u00e9s\u00a0: \u00ab\u00c0 la d\u00e9couverte de l&rsquo;arbre et de son environnement\u00bb\" \/>\n<meta property=\"og:url\" content=\"https:\/\/www.asevegarches.fr\/blog\/demarche-pedagogique\/\" \/>\n<meta property=\"og:site_name\" content=\"ASEVE GARCHES\" \/>\n<meta property=\"article:modified_time\" content=\"2020-01-16T13:06:07+00:00\" \/>\n<meta property=\"og:image\" content=\"https:\/\/www.asevegarches.fr\/blog\/wp-content\/uploads\/2015\/12\/atelierjuin2014-3-300x169.jpg\" \/>\n<meta name=\"twitter:card\" content=\"summary_large_image\" \/>\n<meta name=\"twitter:label1\" content=\"Dur\u00e9e de lecture estim\u00e9e\" \/>\n\t<meta name=\"twitter:data1\" content=\"1 minute\" \/>\n<script type=\"application\/ld+json\" class=\"yoast-schema-graph\">{\"@context\":\"https:\\\/\\\/schema.org\",\"@graph\":[{\"@type\":\"WebPage\",\"@id\":\"https:\\\/\\\/www.asevegarches.fr\\\/blog\\\/demarche-pedagogique\\\/\",\"url\":\"https:\\\/\\\/www.asevegarches.fr\\\/blog\\\/demarche-pedagogique\\\/\",\"name\":\"D\u00e9marche p\u00e9dagogique - ASEVE GARCHES\",\"isPartOf\":{\"@id\":\"https:\\\/\\\/www.asevegarches.fr\\\/blog\\\/#website\"},\"primaryImageOfPage\":{\"@id\":\"https:\\\/\\\/www.asevegarches.fr\\\/blog\\\/demarche-pedagogique\\\/#primaryimage\"},\"image\":{\"@id\":\"https:\\\/\\\/www.asevegarches.fr\\\/blog\\\/demarche-pedagogique\\\/#primaryimage\"},\"thumbnailUrl\":\"https:\\\/\\\/www.asevegarches.fr\\\/blog\\\/wp-content\\\/uploads\\\/2015\\\/12\\\/atelierjuin2014-3-300x169.jpg\",\"datePublished\":\"2015-12-02T14:00:32+00:00\",\"dateModified\":\"2020-01-16T13:06:07+00:00\",\"breadcrumb\":{\"@id\":\"https:\\\/\\\/www.asevegarches.fr\\\/blog\\\/demarche-pedagogique\\\/#breadcrumb\"},\"inLanguage\":\"fr-FR\",\"potentialAction\":[{\"@type\":\"ReadAction\",\"target\":[\"https:\\\/\\\/www.asevegarches.fr\\\/blog\\\/demarche-pedagogique\\\/\"]}]},{\"@type\":\"ImageObject\",\"inLanguage\":\"fr-FR\",\"@id\":\"https:\\\/\\\/www.asevegarches.fr\\\/blog\\\/demarche-pedagogique\\\/#primaryimage\",\"url\":\"https:\\\/\\\/www.asevegarches.fr\\\/blog\\\/wp-content\\\/uploads\\\/2015\\\/12\\\/atelierjuin2014-3.jpg\",\"contentUrl\":\"https:\\\/\\\/www.asevegarches.fr\\\/blog\\\/wp-content\\\/uploads\\\/2015\\\/12\\\/atelierjuin2014-3.jpg\",\"width\":480,\"height\":270},{\"@type\":\"BreadcrumbList\",\"@id\":\"https:\\\/\\\/www.asevegarches.fr\\\/blog\\\/demarche-pedagogique\\\/#breadcrumb\",\"itemListElement\":[{\"@type\":\"ListItem\",\"position\":1,\"name\":\"Accueil\",\"item\":\"https:\\\/\\\/www.asevegarches.fr\\\/blog\\\/\"},{\"@type\":\"ListItem\",\"position\":2,\"name\":\"D\u00e9marche p\u00e9dagogique\"}]},{\"@type\":\"WebSite\",\"@id\":\"https:\\\/\\\/www.asevegarches.fr\\\/blog\\\/#website\",\"url\":\"https:\\\/\\\/www.asevegarches.fr\\\/blog\\\/\",\"name\":\"ASEVE GARCHES\",\"description\":\"\",\"publisher\":{\"@id\":\"https:\\\/\\\/www.asevegarches.fr\\\/blog\\\/#organization\"},\"potentialAction\":[{\"@type\":\"SearchAction\",\"target\":{\"@type\":\"EntryPoint\",\"urlTemplate\":\"https:\\\/\\\/www.asevegarches.fr\\\/blog\\\/?s={search_term_string}\"},\"query-input\":{\"@type\":\"PropertyValueSpecification\",\"valueRequired\":true,\"valueName\":\"search_term_string\"}}],\"inLanguage\":\"fr-FR\"},{\"@type\":\"Organization\",\"@id\":\"https:\\\/\\\/www.asevegarches.fr\\\/blog\\\/#organization\",\"name\":\"Association de Sauvegarde des Espaces Verts et de l'Environnement\",\"alternateName\":\"ASEVE\",\"url\":\"https:\\\/\\\/www.asevegarches.fr\\\/blog\\\/\",\"logo\":{\"@type\":\"ImageObject\",\"inLanguage\":\"fr-FR\",\"@id\":\"https:\\\/\\\/www.asevegarches.fr\\\/blog\\\/#\\\/schema\\\/logo\\\/image\\\/\",\"url\":\"https:\\\/\\\/i0.wp.com\\\/www.asevegarches.fr\\\/blog\\\/wp-content\\\/uploads\\\/2022\\\/10\\\/LOGO_logo-facebook.jpg?fit=1501%2C1501\",\"contentUrl\":\"https:\\\/\\\/i0.wp.com\\\/www.asevegarches.fr\\\/blog\\\/wp-content\\\/uploads\\\/2022\\\/10\\\/LOGO_logo-facebook.jpg?fit=1501%2C1501\",\"width\":1501,\"height\":1501,\"caption\":\"Association de Sauvegarde des Espaces Verts et de l'Environnement\"},\"image\":{\"@id\":\"https:\\\/\\\/www.asevegarches.fr\\\/blog\\\/#\\\/schema\\\/logo\\\/image\\\/\"}}]}<\/script>\n<!-- \/ Yoast SEO plugin. -->","yoast_head_json":{"title":"D\u00e9marche p\u00e9dagogique - ASEVE GARCHES","robots":{"index":"index","follow":"follow","max-snippet":"max-snippet:-1","max-image-preview":"max-image-preview:large","max-video-preview":"max-video-preview:-1"},"canonical":"https:\/\/www.asevegarches.fr\/blog\/demarche-pedagogique\/","og_locale":"fr_FR","og_type":"article","og_title":"D\u00e9marche p\u00e9dagogique - ASEVE GARCHES","og_description":"Ateliers scolaires Nos sites de d\u00e9couverte : &#8211; le Domaine de Saint-Cloud et l&rsquo;\u00e9tang de Villeneuve, &#8211; le Domaine des 4 Vents \u00e0 Garches, &#8211; la sente Debat. Deux th\u00e8mes propos\u00e9s\u00a0: \u00ab\u00c0 la d\u00e9couverte de l&rsquo;arbre et de son environnement\u00bb","og_url":"https:\/\/www.asevegarches.fr\/blog\/demarche-pedagogique\/","og_site_name":"ASEVE GARCHES","article_modified_time":"2020-01-16T13:06:07+00:00","og_image":[{"url":"https:\/\/www.asevegarches.fr\/blog\/wp-content\/uploads\/2015\/12\/atelierjuin2014-3-300x169.jpg","type":"","width":"","height":""}],"twitter_card":"summary_large_image","twitter_misc":{"Dur\u00e9e de lecture estim\u00e9e":"1 minute"},"schema":{"@context":"https:\/\/schema.org","@graph":[{"@type":"WebPage","@id":"https:\/\/www.asevegarches.fr\/blog\/demarche-pedagogique\/","url":"https:\/\/www.asevegarches.fr\/blog\/demarche-pedagogique\/","name":"D\u00e9marche p\u00e9dagogique - ASEVE GARCHES","isPartOf":{"@id":"https:\/\/www.asevegarches.fr\/blog\/#website"},"primaryImageOfPage":{"@id":"https:\/\/www.asevegarches.fr\/blog\/demarche-pedagogique\/#primaryimage"},"image":{"@id":"https:\/\/www.asevegarches.fr\/blog\/demarche-pedagogique\/#primaryimage"},"thumbnailUrl":"https:\/\/www.asevegarches.fr\/blog\/wp-content\/uploads\/2015\/12\/atelierjuin2014-3-300x169.jpg","datePublished":"2015-12-02T14:00:32+00:00","dateModified":"2020-01-16T13:06:07+00:00","breadcrumb":{"@id":"https:\/\/www.asevegarches.fr\/blog\/demarche-pedagogique\/#breadcrumb"},"inLanguage":"fr-FR","potentialAction":[{"@type":"ReadAction","target":["https:\/\/www.asevegarches.fr\/blog\/demarche-pedagogique\/"]}]},{"@type":"ImageObject","inLanguage":"fr-FR","@id":"https:\/\/www.asevegarches.fr\/blog\/demarche-pedagogique\/#primaryimage","url":"https:\/\/www.asevegarches.fr\/blog\/wp-content\/uploads\/2015\/12\/atelierjuin2014-3.jpg","contentUrl":"https:\/\/www.asevegarches.fr\/blog\/wp-content\/uploads\/2015\/12\/atelierjuin2014-3.jpg","width":480,"height":270},{"@type":"BreadcrumbList","@id":"https:\/\/www.asevegarches.fr\/blog\/demarche-pedagogique\/#breadcrumb","itemListElement":[{"@type":"ListItem","position":1,"name":"Accueil","item":"https:\/\/www.asevegarches.fr\/blog\/"},{"@type":"ListItem","position":2,"name":"D\u00e9marche p\u00e9dagogique"}]},{"@type":"WebSite","@id":"https:\/\/www.asevegarches.fr\/blog\/#website","url":"https:\/\/www.asevegarches.fr\/blog\/","name":"ASEVE GARCHES","description":"","publisher":{"@id":"https:\/\/www.asevegarches.fr\/blog\/#organization"},"potentialAction":[{"@type":"SearchAction","target":{"@type":"EntryPoint","urlTemplate":"https:\/\/www.asevegarches.fr\/blog\/?s={search_term_string}"},"query-input":{"@type":"PropertyValueSpecification","valueRequired":true,"valueName":"search_term_string"}}],"inLanguage":"fr-FR"},{"@type":"Organization","@id":"https:\/\/www.asevegarches.fr\/blog\/#organization","name":"Association de Sauvegarde des Espaces Verts et de l'Environnement","alternateName":"ASEVE","url":"https:\/\/www.asevegarches.fr\/blog\/","logo":{"@type":"ImageObject","inLanguage":"fr-FR","@id":"https:\/\/www.asevegarches.fr\/blog\/#\/schema\/logo\/image\/","url":"https:\/\/i0.wp.com\/www.asevegarches.fr\/blog\/wp-content\/uploads\/2022\/10\/LOGO_logo-facebook.jpg?fit=1501%2C1501","contentUrl":"https:\/\/i0.wp.com\/www.asevegarches.fr\/blog\/wp-content\/uploads\/2022\/10\/LOGO_logo-facebook.jpg?fit=1501%2C1501","width":1501,"height":1501,"caption":"Association de Sauvegarde des Espaces Verts et de l'Environnement"},"image":{"@id":"https:\/\/www.asevegarches.fr\/blog\/#\/schema\/logo\/image\/"}}]}},"jetpack_sharing_enabled":true,"jetpack_shortlink":"https:\/\/wp.me\/P6YGVC-rk","jetpack-related-posts":[{"id":492,"url":"https:\/\/www.asevegarches.fr\/blog\/sensibilisation-a-lenvironnement-2\/pedagogie\/","url_meta":{"origin":1694,"position":0},"title":"P\u00e9dagogie","author":"aseve","date":"20 juin 2015","format":false,"excerpt":"L'ASEVE reste fid\u00e8le \u00e0 son engagement de sensibilisation \u00e0 l'environnement en organisant des\u00a0ateliers-animations pour les enfants\u00a0des \u00e9coles de Garches dans le Domaine de Saint-Cloud, \u00e0 la sente Debat et au Domaine des 4 Vents. Sa d\u00e9marche p\u00e9dagogique est men\u00e9e en \u00e9troite collaboration avec les professeurs des \u00e9coles et se compose\u2026","rel":"","context":"Article similaire","block_context":{"text":"Article similaire","link":""},"img":{"alt_text":"","src":"","width":0,"height":0},"classes":[]},{"id":420,"url":"https:\/\/www.asevegarches.fr\/blog\/sensibilisation-a-lenvironnement-2\/","url_meta":{"origin":1694,"position":1},"title":"Sensibilisation \u00e0 l&rsquo;environnement","author":"aseve","date":"13 mai 2015","format":false,"excerpt":"C\u2019est l\u2019une des missions essentielles de l\u2019ASEVE. Les moyens mis en \u0153uvre s\u2019adressent : aux enfants,\u00a0pour former les futurs \"\u00e9co-citoyens\", au grand public. POUR LES ENFANTS Notre d\u00e9marche p\u00e9dagogique Des sorties \"Nature\" adapt\u00e9es au projet d'\u00e9cole Des\u00a0ateliers-animations sont organis\u00e9s pour les enfants\u00a0des \u00e9coles de Garches dans le domaine de Saint-Cloud,\u2026","rel":"","context":"Article similaire","block_context":{"text":"Article similaire","link":""},"img":{"alt_text":"Atelier Scolaire","src":"https:\/\/i0.wp.com\/www.asevegarches.fr\/blog\/wp-content\/uploads\/2015\/06\/4.Animation.4VENTS-e1447758257758.jpg?resize=350%2C200&ssl=1","width":350,"height":200},"classes":[]},{"id":204,"url":"https:\/\/www.asevegarches.fr\/blog\/nos-actions\/","url_meta":{"origin":1694,"position":2},"title":"Nos actions","author":"aseve","date":"10 mars 2015","format":false,"excerpt":"Fond\u00e9e en 1970, l\u2019ASEVE (Association pour la Sauvegarde des Espaces Verts et de l\u2019Environnement) s\u2019adresse \u00e0 des publics tr\u00e8s divers et concentre ses activit\u00e9s sur trois axes principaux : La protection du cadre de vie et de l'environnement La sensibilisation des jeunes et des adultes au d\u00e9veloppement durable et \u00e0\u2026","rel":"","context":"Article similaire","block_context":{"text":"Article similaire","link":""},"img":{"alt_text":"Villeneuve","src":"https:\/\/i0.wp.com\/www.asevegarches.fr\/blog\/wp-content\/uploads\/2015\/09\/Villeneuve-300x204.jpg?resize=350%2C200&ssl=1","width":350,"height":200},"classes":[]},{"id":170,"url":"https:\/\/www.asevegarches.fr\/blog\/presentation\/historique\/","url_meta":{"origin":1694,"position":3},"title":"Historique","author":"aseve","date":"20 f\u00e9vrier 2015","format":false,"excerpt":"\u00a0 Fond\u00e9e en 1970, l\u2019ASEVE (Association pour la Sauvegarde des Espaces Verts et de l\u2019Environnement) a pour but : - de prot\u00e9ger le cadre de vie et l'environnement, - de sensibiliser les jeunes et les adultes \u00e0 l'environnement, - de jouer un r\u00f4le de facilitateur et d'interm\u00e9diaire entre particuliers, associations,\u2026","rel":"","context":"Article similaire","block_context":{"text":"Article similaire","link":""},"img":{"alt_text":"Villeneuve","src":"https:\/\/i0.wp.com\/www.asevegarches.fr\/blog\/wp-content\/uploads\/2015\/09\/Villeneuve-300x204.jpg?resize=350%2C200&ssl=1","width":350,"height":200},"classes":[]},{"id":462,"url":"https:\/\/www.asevegarches.fr\/blog\/nos-projets\/","url_meta":{"origin":1694,"position":4},"title":"Nos projets","author":"aseve","date":"17 juin 2015","format":false,"excerpt":"L'ASEVE a 2 objectifs : la protection du cadre de vie et la sensibilisation \u00e0 l'environnement et au d\u00e9veloppement durable. La propret\u00e9 \u00e0 Garches Elle doit imp\u00e9rativement \u00eatre am\u00e9lior\u00e9e dans l'espace public et \u00eatre associ\u00e9e \u00e0 une gestion durable des d\u00e9chets. Un groupe de travail : a pr\u00e9par\u00e9 un \u00e9tat\u2026","rel":"","context":"Article similaire","block_context":{"text":"Article similaire","link":""},"img":{"alt_text":"Tract hippodrome 1","src":"https:\/\/i0.wp.com\/www.asevegarches.fr\/blog\/wp-content\/uploads\/2015\/09\/Tract-hippodrome-1-214x300.jpg?resize=350%2C200&ssl=1","width":350,"height":200},"classes":[]},{"id":209,"url":"https:\/\/www.asevegarches.fr\/blog\/dev-durable\/","url_meta":{"origin":1694,"position":5},"title":"R\u00f4le de facilitateur","author":"aseve","date":"10 mars 2015","format":false,"excerpt":"Forte de son tissu relationnel, l'ASEVE pr\u00e9conise, \u00e0 l'attention de\u00a0ses adh\u00e9rents, des associations, des collectivit\u00e9s et des entreprises susceptibles de les aider dans la protection de leur environnement. Elle a mis en relation la Mairie et\u00a0l\u2019association\u00a0ESPACES pour la r\u00e9alisation de l'\u00e9tude sur la biodiversit\u00e9\u00a0\u00e0 Garches et pour mener une \u00e9tude\u2026","rel":"","context":"Article similaire","block_context":{"text":"Article similaire","link":""},"img":{"alt_text":"","src":"","width":0,"height":0},"classes":[]}],"_links":{"self":[{"href":"https:\/\/www.asevegarches.fr\/blog\/wp-json\/wp\/v2\/pages\/1694","targetHints":{"allow":["GET"]}}],"collection":[{"href":"https:\/\/www.asevegarches.fr\/blog\/wp-json\/wp\/v2\/pages"}],"about":[{"href":"https:\/\/www.asevegarches.fr\/blog\/wp-json\/wp\/v2\/types\/page"}],"author":[{"embeddable":true,"href":"https:\/\/www.asevegarches.fr\/blog\/wp-json\/wp\/v2\/users\/1"}],"replies":[{"embeddable":true,"href":"https:\/\/www.asevegarches.fr\/blog\/wp-json\/wp\/v2\/comments?post=1694"}],"version-history":[{"count":8,"href":"https:\/\/www.asevegarches.fr\/blog\/wp-json\/wp\/v2\/pages\/1694\/revisions"}],"predecessor-version":[{"id":2811,"href":"https:\/\/www.asevegarches.fr\/blog\/wp-json\/wp\/v2\/pages\/1694\/revisions\/2811"}],"wp:attachment":[{"href":"https:\/\/www.asevegarches.fr\/blog\/wp-json\/wp\/v2\/media?parent=1694"}],"curies":[{"name":"wp","href":"https:\/\/api.w.org\/{rel}","templated":true}]}}