{"id":1423,"date":"2015-10-01T11:21:23","date_gmt":"2015-10-01T10:21:23","guid":{"rendered":"https:\/\/www.asevegarches.fr\/blog\/?page_id=1423"},"modified":"2024-07-08T22:05:09","modified_gmt":"2024-07-08T21:05:09","slug":"le-parc-davaine","status":"publish","type":"page","link":"https:\/\/www.asevegarches.fr\/blog\/documents\/le-parc-davaine\/","title":{"rendered":"Le Parc Davaine"},"content":{"rendered":"<p>\u00a0<\/p>\n<p>\u00a0<\/p>\n<p>\u00a0<\/p>\n<p>\u00a0<\/p>\n<p>\u00a0<\/p>\n<p>\u00a0<\/p>\n<figure id=\"attachment_1427\" aria-describedby=\"caption-attachment-1427\" style=\"width: 188px\" class=\"wp-caption alignleft\"><a href=\"https:\/\/www.asevegarches.fr\/blog\/wp-content\/uploads\/2015\/10\/davaine.jpg\"><img loading=\"lazy\" decoding=\"async\" data-attachment-id=\"1427\" data-permalink=\"https:\/\/www.asevegarches.fr\/blog\/documents\/le-parc-davaine\/davaine\/\" data-orig-file=\"https:\/\/www.asevegarches.fr\/blog\/wp-content\/uploads\/2015\/10\/davaine.jpg\" data-orig-size=\"270,400\" data-comments-opened=\"1\" data-image-meta=\"{&quot;aperture&quot;:&quot;5&quot;,&quot;credit&quot;:&quot;&quot;,&quot;camera&quot;:&quot;E8800&quot;,&quot;caption&quot;:&quot;&quot;,&quot;created_timestamp&quot;:&quot;1162562730&quot;,&quot;copyright&quot;:&quot;&quot;,&quot;focal_length&quot;:&quot;8.9&quot;,&quot;iso&quot;:&quot;50&quot;,&quot;shutter_speed&quot;:&quot;0.00809061&quot;,&quot;title&quot;:&quot;&quot;,&quot;orientation&quot;:&quot;1&quot;}\" data-image-title=\"davaine\" data-image-description=\"\" data-image-caption=\"\" data-large-file=\"https:\/\/www.asevegarches.fr\/blog\/wp-content\/uploads\/2015\/10\/davaine.jpg\" class=\"wp-image-1427\" src=\"https:\/\/www.asevegarches.fr\/blog\/wp-content\/uploads\/2015\/10\/davaine.jpg\" alt=\"davaine\" width=\"188\" height=\"279\" srcset=\"https:\/\/www.asevegarches.fr\/blog\/wp-content\/uploads\/2015\/10\/davaine.jpg 270w, https:\/\/www.asevegarches.fr\/blog\/wp-content\/uploads\/2015\/10\/davaine-203x300.jpg 203w, https:\/\/www.asevegarches.fr\/blog\/wp-content\/uploads\/2015\/10\/davaine-101x150.jpg 101w\" sizes=\"auto, (max-width: 188px) 100vw, 188px\" \/><\/a><figcaption id=\"caption-attachment-1427\" class=\"wp-caption-text\">Une all\u00e9e du parc Davaine<\/figcaption><\/figure>\n<p>En 1984, l&rsquo;ASEVE avait particip\u00e9 tr\u00e8s activement \u00e0 la sauvegarde de ce terrain vou\u00e9 \u00e0 la cr\u00e9ation d&rsquo;un ensemble immobilier.<\/p>\n<p>Situ\u00e9 pr\u00e8s de l&rsquo;h\u00f4pital de Garches, ce parc municipal est un lieu de calme et de d\u00e9tente. L\u2019 ASEVE suit l\u2019am\u00e9nagement et l\u2019entretien de ce parc ouvert \u00e0 tous.<\/p>\n<figure id=\"attachment_1426\" aria-describedby=\"caption-attachment-1426\" style=\"width: 250px\" class=\"wp-caption alignright\"><img loading=\"lazy\" decoding=\"async\" data-attachment-id=\"1426\" data-permalink=\"https:\/\/www.asevegarches.fr\/blog\/documents\/le-parc-davaine\/carte_davaine\/\" data-orig-file=\"https:\/\/www.asevegarches.fr\/blog\/wp-content\/uploads\/2015\/10\/carte_davaine.jpg\" data-orig-size=\"400,270\" data-comments-opened=\"1\" data-image-meta=\"{&quot;aperture&quot;:&quot;0&quot;,&quot;credit&quot;:&quot;&quot;,&quot;camera&quot;:&quot;&quot;,&quot;caption&quot;:&quot;&quot;,&quot;created_timestamp&quot;:&quot;0&quot;,&quot;copyright&quot;:&quot;&quot;,&quot;focal_length&quot;:&quot;0&quot;,&quot;iso&quot;:&quot;0&quot;,&quot;shutter_speed&quot;:&quot;0&quot;,&quot;title&quot;:&quot;&quot;,&quot;orientation&quot;:&quot;1&quot;}\" data-image-title=\"carte_davaine\" data-image-description=\"\" data-image-caption=\"\" data-large-file=\"https:\/\/www.asevegarches.fr\/blog\/wp-content\/uploads\/2015\/10\/carte_davaine.jpg\" class=\"wp-image-1426 \" src=\"https:\/\/www.asevegarches.fr\/blog\/wp-content\/uploads\/2015\/10\/carte_davaine-300x203.jpg\" alt=\"carte_davaine\" width=\"250\" height=\"169\" srcset=\"https:\/\/www.asevegarches.fr\/blog\/wp-content\/uploads\/2015\/10\/carte_davaine-300x203.jpg 300w, https:\/\/www.asevegarches.fr\/blog\/wp-content\/uploads\/2015\/10\/carte_davaine-150x101.jpg 150w, https:\/\/www.asevegarches.fr\/blog\/wp-content\/uploads\/2015\/10\/carte_davaine.jpg 400w\" sizes=\"auto, (max-width: 250px) 100vw, 250px\" \/><figcaption id=\"caption-attachment-1426\" class=\"wp-caption-text\">&#8211; \u00a0 \u00a0 \u00a0 \u00a0\u00a0 Situation du parc<\/figcaption><\/figure>\n<p>\u00a0<\/p>\n<p><a href=\"https:\/\/www.asevegarches.fr\/blog\/wp-content\/uploads\/2015\/10\/carte_davaine.jpg\">\u00a0<\/a><\/p>\n\n\n<p><\/p>\n\n\n\n\n\n\n\n<details class=\"wp-block-details is-layout-flow wp-block-details-is-layout-flow\"><summary><\/summary>\n<p><\/p>\n<\/details>\n","protected":false},"excerpt":{"rendered":"<p>\u00a0 \u00a0 \u00a0 \u00a0 \u00a0 \u00a0 En 1984, l&rsquo;ASEVE avait particip\u00e9 tr\u00e8s activement \u00e0 la sauvegarde de ce terrain vou\u00e9 \u00e0 la cr\u00e9ation d&rsquo;un ensemble immobilier. Situ\u00e9 pr\u00e8s de l&rsquo;h\u00f4pital de Garches, ce parc municipal est un lieu de calme<\/p>\n","protected":false},"author":1,"featured_media":0,"parent":249,"menu_order":0,"comment_status":"closed","ping_status":"closed","template":"","meta":{"footnotes":""},"class_list":["post-1423","page","type-page","status-publish","hentry"],"yoast_head":"<!-- This site is optimized with the Yoast SEO plugin v27.4 - https:\/\/yoast.com\/product\/yoast-seo-wordpress\/ -->\n<title>Le Parc Davaine - ASEVE GARCHES<\/title>\n<meta name=\"robots\" content=\"index, follow, max-snippet:-1, max-image-preview:large, max-video-preview:-1\" \/>\n<link rel=\"canonical\" href=\"https:\/\/www.asevegarches.fr\/blog\/documents\/le-parc-davaine\/\" \/>\n<meta property=\"og:locale\" content=\"fr_FR\" \/>\n<meta property=\"og:type\" content=\"article\" \/>\n<meta property=\"og:title\" content=\"Le Parc Davaine - ASEVE GARCHES\" \/>\n<meta property=\"og:description\" content=\"\u00a0 \u00a0 \u00a0 \u00a0 \u00a0 \u00a0 En 1984, l&rsquo;ASEVE avait particip\u00e9 tr\u00e8s activement \u00e0 la sauvegarde de ce terrain vou\u00e9 \u00e0 la cr\u00e9ation d&rsquo;un ensemble immobilier. Situ\u00e9 pr\u00e8s de l&rsquo;h\u00f4pital de Garches, ce parc municipal est un lieu de calme\" \/>\n<meta property=\"og:url\" content=\"https:\/\/www.asevegarches.fr\/blog\/documents\/le-parc-davaine\/\" \/>\n<meta property=\"og:site_name\" content=\"ASEVE GARCHES\" \/>\n<meta property=\"article:modified_time\" content=\"2024-07-08T21:05:09+00:00\" \/>\n<meta property=\"og:image\" content=\"https:\/\/www.asevegarches.fr\/blog\/wp-content\/uploads\/2015\/10\/davaine.jpg\" \/>\n<meta name=\"twitter:card\" content=\"summary_large_image\" \/>\n<meta name=\"twitter:label1\" content=\"Dur\u00e9e de lecture estim\u00e9e\" \/>\n\t<meta name=\"twitter:data1\" content=\"1 minute\" \/>\n<script type=\"application\/ld+json\" class=\"yoast-schema-graph\">{\"@context\":\"https:\\\/\\\/schema.org\",\"@graph\":[{\"@type\":\"WebPage\",\"@id\":\"https:\\\/\\\/www.asevegarches.fr\\\/blog\\\/documents\\\/le-parc-davaine\\\/\",\"url\":\"https:\\\/\\\/www.asevegarches.fr\\\/blog\\\/documents\\\/le-parc-davaine\\\/\",\"name\":\"Le Parc Davaine - ASEVE GARCHES\",\"isPartOf\":{\"@id\":\"https:\\\/\\\/www.asevegarches.fr\\\/blog\\\/#website\"},\"primaryImageOfPage\":{\"@id\":\"https:\\\/\\\/www.asevegarches.fr\\\/blog\\\/documents\\\/le-parc-davaine\\\/#primaryimage\"},\"image\":{\"@id\":\"https:\\\/\\\/www.asevegarches.fr\\\/blog\\\/documents\\\/le-parc-davaine\\\/#primaryimage\"},\"thumbnailUrl\":\"https:\\\/\\\/www.asevegarches.fr\\\/blog\\\/wp-content\\\/uploads\\\/2015\\\/10\\\/davaine.jpg\",\"datePublished\":\"2015-10-01T10:21:23+00:00\",\"dateModified\":\"2024-07-08T21:05:09+00:00\",\"breadcrumb\":{\"@id\":\"https:\\\/\\\/www.asevegarches.fr\\\/blog\\\/documents\\\/le-parc-davaine\\\/#breadcrumb\"},\"inLanguage\":\"fr-FR\",\"potentialAction\":[{\"@type\":\"ReadAction\",\"target\":[\"https:\\\/\\\/www.asevegarches.fr\\\/blog\\\/documents\\\/le-parc-davaine\\\/\"]}]},{\"@type\":\"ImageObject\",\"inLanguage\":\"fr-FR\",\"@id\":\"https:\\\/\\\/www.asevegarches.fr\\\/blog\\\/documents\\\/le-parc-davaine\\\/#primaryimage\",\"url\":\"https:\\\/\\\/www.asevegarches.fr\\\/blog\\\/wp-content\\\/uploads\\\/2015\\\/10\\\/davaine.jpg\",\"contentUrl\":\"https:\\\/\\\/www.asevegarches.fr\\\/blog\\\/wp-content\\\/uploads\\\/2015\\\/10\\\/davaine.jpg\",\"width\":270,\"height\":400},{\"@type\":\"BreadcrumbList\",\"@id\":\"https:\\\/\\\/www.asevegarches.fr\\\/blog\\\/documents\\\/le-parc-davaine\\\/#breadcrumb\",\"itemListElement\":[{\"@type\":\"ListItem\",\"position\":1,\"name\":\"Accueil\",\"item\":\"https:\\\/\\\/www.asevegarches.fr\\\/blog\\\/\"},{\"@type\":\"ListItem\",\"position\":2,\"name\":\"Documents\",\"item\":\"https:\\\/\\\/www.asevegarches.fr\\\/blog\\\/documents\\\/\"},{\"@type\":\"ListItem\",\"position\":3,\"name\":\"Le Parc Davaine\"}]},{\"@type\":\"WebSite\",\"@id\":\"https:\\\/\\\/www.asevegarches.fr\\\/blog\\\/#website\",\"url\":\"https:\\\/\\\/www.asevegarches.fr\\\/blog\\\/\",\"name\":\"ASEVE GARCHES\",\"description\":\"\",\"publisher\":{\"@id\":\"https:\\\/\\\/www.asevegarches.fr\\\/blog\\\/#organization\"},\"potentialAction\":[{\"@type\":\"SearchAction\",\"target\":{\"@type\":\"EntryPoint\",\"urlTemplate\":\"https:\\\/\\\/www.asevegarches.fr\\\/blog\\\/?s={search_term_string}\"},\"query-input\":{\"@type\":\"PropertyValueSpecification\",\"valueRequired\":true,\"valueName\":\"search_term_string\"}}],\"inLanguage\":\"fr-FR\"},{\"@type\":\"Organization\",\"@id\":\"https:\\\/\\\/www.asevegarches.fr\\\/blog\\\/#organization\",\"name\":\"Association de Sauvegarde des Espaces Verts et de l'Environnement\",\"alternateName\":\"ASEVE\",\"url\":\"https:\\\/\\\/www.asevegarches.fr\\\/blog\\\/\",\"logo\":{\"@type\":\"ImageObject\",\"inLanguage\":\"fr-FR\",\"@id\":\"https:\\\/\\\/www.asevegarches.fr\\\/blog\\\/#\\\/schema\\\/logo\\\/image\\\/\",\"url\":\"https:\\\/\\\/i0.wp.com\\\/www.asevegarches.fr\\\/blog\\\/wp-content\\\/uploads\\\/2022\\\/10\\\/LOGO_logo-facebook.jpg?fit=1501%2C1501\",\"contentUrl\":\"https:\\\/\\\/i0.wp.com\\\/www.asevegarches.fr\\\/blog\\\/wp-content\\\/uploads\\\/2022\\\/10\\\/LOGO_logo-facebook.jpg?fit=1501%2C1501\",\"width\":1501,\"height\":1501,\"caption\":\"Association de Sauvegarde des Espaces Verts et de l'Environnement\"},\"image\":{\"@id\":\"https:\\\/\\\/www.asevegarches.fr\\\/blog\\\/#\\\/schema\\\/logo\\\/image\\\/\"}}]}<\/script>\n<!-- \/ Yoast SEO plugin. -->","yoast_head_json":{"title":"Le Parc Davaine - ASEVE GARCHES","robots":{"index":"index","follow":"follow","max-snippet":"max-snippet:-1","max-image-preview":"max-image-preview:large","max-video-preview":"max-video-preview:-1"},"canonical":"https:\/\/www.asevegarches.fr\/blog\/documents\/le-parc-davaine\/","og_locale":"fr_FR","og_type":"article","og_title":"Le Parc Davaine - ASEVE GARCHES","og_description":"\u00a0 \u00a0 \u00a0 \u00a0 \u00a0 \u00a0 En 1984, l&rsquo;ASEVE avait particip\u00e9 tr\u00e8s activement \u00e0 la sauvegarde de ce terrain vou\u00e9 \u00e0 la cr\u00e9ation d&rsquo;un ensemble immobilier. Situ\u00e9 pr\u00e8s de l&rsquo;h\u00f4pital de Garches, ce parc municipal est un lieu de calme","og_url":"https:\/\/www.asevegarches.fr\/blog\/documents\/le-parc-davaine\/","og_site_name":"ASEVE GARCHES","article_modified_time":"2024-07-08T21:05:09+00:00","og_image":[{"url":"https:\/\/www.asevegarches.fr\/blog\/wp-content\/uploads\/2015\/10\/davaine.jpg","type":"","width":"","height":""}],"twitter_card":"summary_large_image","twitter_misc":{"Dur\u00e9e de lecture estim\u00e9e":"1 minute"},"schema":{"@context":"https:\/\/schema.org","@graph":[{"@type":"WebPage","@id":"https:\/\/www.asevegarches.fr\/blog\/documents\/le-parc-davaine\/","url":"https:\/\/www.asevegarches.fr\/blog\/documents\/le-parc-davaine\/","name":"Le Parc Davaine - ASEVE GARCHES","isPartOf":{"@id":"https:\/\/www.asevegarches.fr\/blog\/#website"},"primaryImageOfPage":{"@id":"https:\/\/www.asevegarches.fr\/blog\/documents\/le-parc-davaine\/#primaryimage"},"image":{"@id":"https:\/\/www.asevegarches.fr\/blog\/documents\/le-parc-davaine\/#primaryimage"},"thumbnailUrl":"https:\/\/www.asevegarches.fr\/blog\/wp-content\/uploads\/2015\/10\/davaine.jpg","datePublished":"2015-10-01T10:21:23+00:00","dateModified":"2024-07-08T21:05:09+00:00","breadcrumb":{"@id":"https:\/\/www.asevegarches.fr\/blog\/documents\/le-parc-davaine\/#breadcrumb"},"inLanguage":"fr-FR","potentialAction":[{"@type":"ReadAction","target":["https:\/\/www.asevegarches.fr\/blog\/documents\/le-parc-davaine\/"]}]},{"@type":"ImageObject","inLanguage":"fr-FR","@id":"https:\/\/www.asevegarches.fr\/blog\/documents\/le-parc-davaine\/#primaryimage","url":"https:\/\/www.asevegarches.fr\/blog\/wp-content\/uploads\/2015\/10\/davaine.jpg","contentUrl":"https:\/\/www.asevegarches.fr\/blog\/wp-content\/uploads\/2015\/10\/davaine.jpg","width":270,"height":400},{"@type":"BreadcrumbList","@id":"https:\/\/www.asevegarches.fr\/blog\/documents\/le-parc-davaine\/#breadcrumb","itemListElement":[{"@type":"ListItem","position":1,"name":"Accueil","item":"https:\/\/www.asevegarches.fr\/blog\/"},{"@type":"ListItem","position":2,"name":"Documents","item":"https:\/\/www.asevegarches.fr\/blog\/documents\/"},{"@type":"ListItem","position":3,"name":"Le Parc Davaine"}]},{"@type":"WebSite","@id":"https:\/\/www.asevegarches.fr\/blog\/#website","url":"https:\/\/www.asevegarches.fr\/blog\/","name":"ASEVE GARCHES","description":"","publisher":{"@id":"https:\/\/www.asevegarches.fr\/blog\/#organization"},"potentialAction":[{"@type":"SearchAction","target":{"@type":"EntryPoint","urlTemplate":"https:\/\/www.asevegarches.fr\/blog\/?s={search_term_string}"},"query-input":{"@type":"PropertyValueSpecification","valueRequired":true,"valueName":"search_term_string"}}],"inLanguage":"fr-FR"},{"@type":"Organization","@id":"https:\/\/www.asevegarches.fr\/blog\/#organization","name":"Association de Sauvegarde des Espaces Verts et de l'Environnement","alternateName":"ASEVE","url":"https:\/\/www.asevegarches.fr\/blog\/","logo":{"@type":"ImageObject","inLanguage":"fr-FR","@id":"https:\/\/www.asevegarches.fr\/blog\/#\/schema\/logo\/image\/","url":"https:\/\/i0.wp.com\/www.asevegarches.fr\/blog\/wp-content\/uploads\/2022\/10\/LOGO_logo-facebook.jpg?fit=1501%2C1501","contentUrl":"https:\/\/i0.wp.com\/www.asevegarches.fr\/blog\/wp-content\/uploads\/2022\/10\/LOGO_logo-facebook.jpg?fit=1501%2C1501","width":1501,"height":1501,"caption":"Association de Sauvegarde des Espaces Verts et de l'Environnement"},"image":{"@id":"https:\/\/www.asevegarches.fr\/blog\/#\/schema\/logo\/image\/"}}]}},"jetpack_sharing_enabled":true,"jetpack_shortlink":"https:\/\/wp.me\/P6YGVC-mX","jetpack-related-posts":[{"id":204,"url":"https:\/\/www.asevegarches.fr\/blog\/nos-actions\/","url_meta":{"origin":1423,"position":0},"title":"Nos actions","author":"aseve","date":"10 mars 2015","format":false,"excerpt":"Fond\u00e9e en 1970, l\u2019ASEVE (Association pour la Sauvegarde des Espaces Verts et de l\u2019Environnement) s\u2019adresse \u00e0 des publics tr\u00e8s divers et concentre ses activit\u00e9s sur trois axes principaux : La protection du cadre de vie et de l'environnement La sensibilisation des jeunes et des adultes au d\u00e9veloppement durable et \u00e0\u2026","rel":"","context":"Article similaire","block_context":{"text":"Article similaire","link":""},"img":{"alt_text":"Villeneuve","src":"https:\/\/i0.wp.com\/www.asevegarches.fr\/blog\/wp-content\/uploads\/2015\/09\/Villeneuve-300x204.jpg?resize=350%2C200&ssl=1","width":350,"height":200},"classes":[]},{"id":170,"url":"https:\/\/www.asevegarches.fr\/blog\/presentation\/historique\/","url_meta":{"origin":1423,"position":1},"title":"Historique","author":"aseve","date":"20 f\u00e9vrier 2015","format":false,"excerpt":"\u00a0 Fond\u00e9e en 1970, l\u2019ASEVE (Association pour la Sauvegarde des Espaces Verts et de l\u2019Environnement) a pour but : - de prot\u00e9ger le cadre de vie et l'environnement, - de sensibiliser les jeunes et les adultes \u00e0 l'environnement, - de jouer un r\u00f4le de facilitateur et d'interm\u00e9diaire entre particuliers, associations,\u2026","rel":"","context":"Article similaire","block_context":{"text":"Article similaire","link":""},"img":{"alt_text":"Villeneuve","src":"https:\/\/i0.wp.com\/www.asevegarches.fr\/blog\/wp-content\/uploads\/2015\/09\/Villeneuve-300x204.jpg?resize=350%2C200&ssl=1","width":350,"height":200},"classes":[]},{"id":420,"url":"https:\/\/www.asevegarches.fr\/blog\/sensibilisation-a-lenvironnement-2\/","url_meta":{"origin":1423,"position":2},"title":"Sensibilisation \u00e0 l&rsquo;environnement","author":"aseve","date":"13 mai 2015","format":false,"excerpt":"C\u2019est l\u2019une des missions essentielles de l\u2019ASEVE. Les moyens mis en \u0153uvre s\u2019adressent : aux enfants,\u00a0pour former les futurs \"\u00e9co-citoyens\", au grand public. POUR LES ENFANTS Notre d\u00e9marche p\u00e9dagogique Des sorties \"Nature\" adapt\u00e9es au projet d'\u00e9cole Des\u00a0ateliers-animations sont organis\u00e9s pour les enfants\u00a0des \u00e9coles de Garches dans le domaine de Saint-Cloud,\u2026","rel":"","context":"Article similaire","block_context":{"text":"Article similaire","link":""},"img":{"alt_text":"Atelier Scolaire","src":"https:\/\/i0.wp.com\/www.asevegarches.fr\/blog\/wp-content\/uploads\/2015\/06\/4.Animation.4VENTS-e1447758257758.jpg?resize=350%2C200&ssl=1","width":350,"height":200},"classes":[]},{"id":212,"url":"https:\/\/www.asevegarches.fr\/blog\/liens\/","url_meta":{"origin":1423,"position":3},"title":"Liens","author":"aseve","date":"10 mars 2015","format":false,"excerpt":"Retrouvez les diff\u00e9rents liens class\u00e9s par cat\u00e9gorie : Villes Garches : www.ville-garches.fr Vaucresson : www.vaucresson.fr Saint-Cloud : www.saintcloud.fr Marnes-la-Coquette : www.marnes-la-coquette.fr Environnement Domaine de Saint-Cloud : www.saint-cloud.monuments-nationaux.fr Environnement 92 : www.environnement92.fr Ile de France Environnement : www.iledefrance.fr\/action-quotidienne\/agir-environnement AIRPARIF : www.airparif.asso.fr France Nature Environnement : www.fne.asso.fr ESPACES : www.association-espaces.org Groupe contre\u2026","rel":"","context":"Article similaire","block_context":{"text":"Article similaire","link":""},"img":{"alt_text":"","src":"","width":0,"height":0},"classes":[]},{"id":207,"url":"https:\/\/www.asevegarches.fr\/blog\/pedagogie\/","url_meta":{"origin":1423,"position":4},"title":"Protection et am\u00e9nagement du cadre de vie","author":"aseve","date":"10 mars 2015","format":false,"excerpt":"La commune de Garches est occup\u00e9e \u00e0 55 % de sa superficie par des\u00a0espaces verts priv\u00e9s ou publics. Elle est entour\u00e9e d'espaces bois\u00e9s importants : le\u00a0Parc de Saint-Cloud, le Golf de Saint-Cloud,\u00a0le bois de Saint-Cucufa, la for\u00eat de Fausses-Reposes. Ce cadre de vie remarquable offre un environnement de qualit\u00e9 qui\u2026","rel":"","context":"Article similaire","block_context":{"text":"Article similaire","link":""},"img":{"alt_text":"","src":"https:\/\/i0.wp.com\/www.asevegarches.fr\/blog\/wp-content\/uploads\/2015\/09\/Rue-des-Mar%C3%A9chaux-300x202.jpg?resize=350%2C200&ssl=1","width":350,"height":200},"classes":[]},{"id":503,"url":"https:\/\/www.asevegarches.fr\/blog\/pedagogie\/les-commissions-extra-municipales\/","url_meta":{"origin":1423,"position":5},"title":"Les commissions extra-municipales","author":"aseve","date":"22 juin 2015","format":false,"excerpt":"\u00a0 L\u2019ASEVE participe aux Commissions extra municipales de l\u2019urbanisme et de la circulation, des permis de\u00a0construire et de l'environnement. Elle \u00a0reste attentive \u00e0 l\u2019\u00e9volution\u00a0d\u00e9mographique de Garches et \u00e0 ses cons\u00e9quences sur l\u2019habitat. Elle m\u00e8ne des actions aupr\u00e8s des collectivit\u00e9s locales et de la population environnante\u00a0pour un urbanisme et un habitat\u2026","rel":"","context":"Article similaire","block_context":{"text":"Article similaire","link":""},"img":{"alt_text":"Projet Eco-ilot de l'\u00e9glise","src":"https:\/\/i0.wp.com\/www.asevegarches.fr\/blog\/wp-content\/uploads\/2015\/09\/Eco-%C3%AFlot-de-l%C3%A9glise-300x202.jpg?resize=350%2C200&ssl=1","width":350,"height":200},"classes":[]}],"_links":{"self":[{"href":"https:\/\/www.asevegarches.fr\/blog\/wp-json\/wp\/v2\/pages\/1423","targetHints":{"allow":["GET"]}}],"collection":[{"href":"https:\/\/www.asevegarches.fr\/blog\/wp-json\/wp\/v2\/pages"}],"about":[{"href":"https:\/\/www.asevegarches.fr\/blog\/wp-json\/wp\/v2\/types\/page"}],"author":[{"embeddable":true,"href":"https:\/\/www.asevegarches.fr\/blog\/wp-json\/wp\/v2\/users\/1"}],"replies":[{"embeddable":true,"href":"https:\/\/www.asevegarches.fr\/blog\/wp-json\/wp\/v2\/comments?post=1423"}],"version-history":[{"count":3,"href":"https:\/\/www.asevegarches.fr\/blog\/wp-json\/wp\/v2\/pages\/1423\/revisions"}],"predecessor-version":[{"id":3451,"href":"https:\/\/www.asevegarches.fr\/blog\/wp-json\/wp\/v2\/pages\/1423\/revisions\/3451"}],"up":[{"embeddable":true,"href":"https:\/\/www.asevegarches.fr\/blog\/wp-json\/wp\/v2\/pages\/249"}],"wp:attachment":[{"href":"https:\/\/www.asevegarches.fr\/blog\/wp-json\/wp\/v2\/media?parent=1423"}],"curies":[{"name":"wp","href":"https:\/\/api.w.org\/{rel}","templated":true}]}}